{"id":171,"date":"2019-07-24T10:10:34","date_gmt":"2019-07-24T08:10:34","guid":{"rendered":"https:\/\/alto30.de\/wohnen-in-aubing\/?page_id=171"},"modified":"2019-07-24T10:13:25","modified_gmt":"2019-07-24T08:13:25","slug":"impressum","status":"publish","type":"page","link":"https:\/\/alto30.de\/wohnen-in-aubing\/impressum\/","title":{"rendered":"Impressum"},"content":{"rendered":"<h1>Impressum<\/h1>\n<p><strong>Besuch unserer Webseiten<br \/>\nH\u00f6nninger Wohnbau GmbH<\/strong><br \/>\nSiriusstra\u00dfe 15<br \/>\n85614 Kirchseeon<br \/>\nTelefon: +49(0)8091 5508\u20130<br \/>\nTelefax: +49(0)8091 5508\u2013125<br \/>\nE-Mail: info@hoenninger.de<\/p>\n<p>Registergericht: M\u00fcnchen<br \/>\nRegisternummer: HRB 199855<br \/>\nGesch\u00e4ftsf\u00fchrer der H\u00f6nninger Wohnbau GmbH:<br \/>\nDipl.-Ing. Adrian H\u00f6nninger<br \/>\nUmsatzsteuer-Identifikationsnummer gem\u00e4\u00df \u00a7 27a Umsatzsteuergesetz:<br \/>\nUST-ID-Nr. DE 284375819<\/p>\n<p>Redaktionelle Verantwortung:<br \/>\nDipl.-Ing. Adrian H\u00f6nninger<\/p>\n<p>Haftungshinweis:<br \/>\nWir \u00fcbernehmen \u00fcbernimmt keinerlei Verantwortung oder Haftung f\u00fcr die Angaben auf dieser Webseite.<br \/>\nSofern von dieser Webseite auf andere Webseiten verwiesen wird, k\u00f6nnen wir deren Inhalt nicht beeinflussen und f\u00fcr diesen auch keine Verantwortung \u00fcbernehmen.<\/p>\n","protected":false},"excerpt":{"rendered":"<p>Impressum Besuch unserer Webseiten H\u00f6nninger Wohnbau GmbH Siriusstra\u00dfe 15 85614 Kirchseeon Telefon: +49(0)8091 5508\u20130 Telefax: +49(0)8091 5508\u2013125 E-Mail: info@hoenninger.de Registergericht: M\u00fcnchen Registernummer: HRB 199855 Gesch\u00e4ftsf\u00fchrer der H\u00f6nninger Wohnbau GmbH: Dipl.-Ing. Adrian H\u00f6nninger Umsatzsteuer-Identifikationsnummer gem\u00e4\u00df \u00a7 27a Umsatzsteuergesetz: UST-ID-Nr. DE 284375819 &hellip;<\/p>\n","protected":false},"author":3,"featured_media":0,"parent":0,"menu_order":0,"comment_status":"closed","ping_status":"closed","template":"","meta":{"wp_mapbox_gl_js_media":[],"footnotes":""},"class_list":["post-171","page","type-page","status-publish","hentry","post_content"],"_links":{"self":[{"href":"https:\/\/alto30.de\/wohnen-in-aubing\/wp-json\/wp\/v2\/pages\/171"}],"collection":[{"href":"https:\/\/alto30.de\/wohnen-in-aubing\/wp-json\/wp\/v2\/pages"}],"about":[{"href":"https:\/\/alto30.de\/wohnen-in-aubing\/wp-json\/wp\/v2\/types\/page"}],"author":[{"embeddable":true,"href":"https:\/\/alto30.de\/wohnen-in-aubing\/wp-json\/wp\/v2\/users\/3"}],"replies":[{"embeddable":true,"href":"https:\/\/alto30.de\/wohnen-in-aubing\/wp-json\/wp\/v2\/comments?post=171"}],"version-history":[{"count":2,"href":"https:\/\/alto30.de\/wohnen-in-aubing\/wp-json\/wp\/v2\/pages\/171\/revisions"}],"predecessor-version":[{"id":174,"href":"https:\/\/alto30.de\/wohnen-in-aubing\/wp-json\/wp\/v2\/pages\/171\/revisions\/174"}],"wp:attachment":[{"href":"https:\/\/alto30.de\/wohnen-in-aubing\/wp-json\/wp\/v2\/media?parent=171"}],"curies":[{"name":"wp","href":"https:\/\/api.w.org\/{rel}","templated":true}]}}