{"id":4,"date":"2018-03-12T14:25:15","date_gmt":"2018-03-12T13:25:15","guid":{"rendered":"http:\/\/2018.hoenninger-wohnbau.de\/test-loremstrasse\/?page_id=4"},"modified":"2025-04-23T11:04:48","modified_gmt":"2025-04-23T09:04:48","slug":"start","status":"publish","type":"page","link":"https:\/\/alto30.de\/reihen-haus\/","title":{"rendered":"Startseite Alto 30"},"content":{"rendered":"\n<figure class=\"wp-block-image alignfull size-full label_image\" id=\"label_image\"><img loading=\"lazy\" decoding=\"async\" width=\"2560\" height=\"1456\" src=\"https:\/\/hoenninger-wohnbau.de\/wp-content\/uploads\/2022\/06\/alto_30_header01.png\" alt=\"\" class=\"wp-image-638\" srcset=\"https:\/\/alto30.de\/reihen-haus\/wp-content\/uploads\/sites\/5\/2022\/06\/alto_30_header01.png 2560w, https:\/\/alto30.de\/reihen-haus\/wp-content\/uploads\/sites\/5\/2022\/06\/alto_30_header01-300x170.png 300w, https:\/\/alto30.de\/reihen-haus\/wp-content\/uploads\/sites\/5\/2022\/06\/alto_30_header01-1024x582.png 1024w, https:\/\/alto30.de\/reihen-haus\/wp-content\/uploads\/sites\/5\/2022\/06\/alto_30_header01-768x437.png 768w, https:\/\/alto30.de\/reihen-haus\/wp-content\/uploads\/sites\/5\/2022\/06\/alto_30_header01-1536x874.png 1536w, https:\/\/alto30.de\/reihen-haus\/wp-content\/uploads\/sites\/5\/2022\/06\/alto_30_header01-2048x1165.png 2048w, https:\/\/alto30.de\/reihen-haus\/wp-content\/uploads\/sites\/5\/2022\/06\/alto_30_header01-450x255.png 450w, https:\/\/alto30.de\/reihen-haus\/wp-content\/uploads\/sites\/5\/2022\/06\/alto_30_header01-1800x1024.png 1800w\" sizes=\"(max-width: 2560px) 100vw, 2560px\" \/>\n\n<span class=\"image_label\" id=\"image_label_01\"><span class=\"image_textlabel\"> 5 Reihenh\u00e4user<\/span><\/span>\n<span class=\"image_label\" id=\"image_label_02\"><span class=\"image_textlabel\">Mehrfamilienhaus mit 11 Wohnungen<\/span><\/span>\n<span class=\"image_label\" id=\"image_label_03\"><span class=\"image_textlabel\">Mehrfamilienhaus mit 11 Wohnungen<\/span><\/span>\n<\/figure>\n\n<style>\n\n#image_label_01 {\ntop: 20vw;\nleft: 20vw;\n}\n\n#image_label_02 {\ntop: calc(20vw - 10%);\nleft: calc( 20vw + 27%);\n}\n\n#image_label_03 {\ntop: calc(20vw - 21%);\nleft: calc( 20vw + 52%);\n}\n\n<\/style>\n\n\n\n<p><\/p>\n\n\n\n<div class=\"wp-block-media-text alignfull has-media-on-the-right is-stacked-on-mobile\"><div class=\"wp-block-media-text__content\">\n<p class=\"has-col-blau-color has-text-color has-large-font-size\"><strong>Willkommen im Dorfkern von Aubing \u2013 zwischen beschaulicher Idylle und pulsierendem Gro\u00dfstadtleben.<\/strong><\/p>\n\n\n\n<p class=\"has-medium-font-size\">Immer mehr Menschen, die in der Isar-Metropole auf der Suche nach einem Zuhause sind, zieht es in den aufstrebenden M\u00fcnchner Westen. Insbesondere Aubing hat sich als lebenswerter Wohnstandort etabliert \u2013 zwischen beschaulicher Idylle und pulsierendem Gro\u00dfstadtleben. Kommen Sie mit auf einen Rundgang durch das besonders auch bei Familien mit Kindern beliebte Aubing \u2013 ein Neubauprojekt in der Planung schafft den passenden Wohnraum f\u00fcr vielf\u00e4ltige Anspr\u00fcche.<br><\/p>\n<\/div><figure class=\"wp-block-media-text__media\"><img loading=\"lazy\" decoding=\"async\" width=\"1024\" height=\"767\" src=\"https:\/\/alto30.de\/reihenhaus\/wp-content\/uploads\/sites\/5\/2022\/10\/cam_drohne_001_web_1-1024x767.jpg\" alt=\"\" class=\"wp-image-699 size-full\" srcset=\"https:\/\/alto30.de\/reihen-haus\/wp-content\/uploads\/sites\/5\/2022\/10\/cam_drohne_001_web_1-1024x767.jpg 1024w, https:\/\/alto30.de\/reihen-haus\/wp-content\/uploads\/sites\/5\/2022\/10\/cam_drohne_001_web_1-300x225.jpg 300w, https:\/\/alto30.de\/reihen-haus\/wp-content\/uploads\/sites\/5\/2022\/10\/cam_drohne_001_web_1-768x575.jpg 768w, https:\/\/alto30.de\/reihen-haus\/wp-content\/uploads\/sites\/5\/2022\/10\/cam_drohne_001_web_1-1536x1150.jpg 1536w, https:\/\/alto30.de\/reihen-haus\/wp-content\/uploads\/sites\/5\/2022\/10\/cam_drohne_001_web_1-1367x1024.jpg 1367w, https:\/\/alto30.de\/reihen-haus\/wp-content\/uploads\/sites\/5\/2022\/10\/cam_drohne_001_web_1.jpg 2000w\" sizes=\"(max-width: 1024px) 100vw, 1024px\" \/><\/figure><\/div>\n\n\n\n<div class=\"wp-block-media-text alignfull is-stacked-on-mobile\"><figure class=\"wp-block-media-text__media\"><img loading=\"lazy\" decoding=\"async\" width=\"1024\" height=\"682\" src=\"https:\/\/alto30.de\/reihenhaus\/wp-content\/uploads\/sites\/5\/2022\/10\/cam_aussen_001_web_1-1024x682.jpg\" alt=\"\" class=\"wp-image-695 size-full\" srcset=\"https:\/\/alto30.de\/reihen-haus\/wp-content\/uploads\/sites\/5\/2022\/10\/cam_aussen_001_web_1-1024x682.jpg 1024w, https:\/\/alto30.de\/reihen-haus\/wp-content\/uploads\/sites\/5\/2022\/10\/cam_aussen_001_web_1-300x200.jpg 300w, https:\/\/alto30.de\/reihen-haus\/wp-content\/uploads\/sites\/5\/2022\/10\/cam_aussen_001_web_1-768x512.jpg 768w, https:\/\/alto30.de\/reihen-haus\/wp-content\/uploads\/sites\/5\/2022\/10\/cam_aussen_001_web_1-1536x1024.jpg 1536w, https:\/\/alto30.de\/reihen-haus\/wp-content\/uploads\/sites\/5\/2022\/10\/cam_aussen_001_web_1.jpg 2000w\" sizes=\"(max-width: 1024px) 100vw, 1024px\" \/><\/figure><div class=\"wp-block-media-text__content\">\n<p class=\"has-large-font-size\"><strong>Ein einladendes Ensemble<\/strong><br>Die Zusammenstellung verschiedener Wohnarrangements f\u00fcgt sich zu einem harmonischen Ganzen.<\/p>\n<\/div><\/div>\n\n\n\n<div class=\"wp-block-media-text alignfull has-media-on-the-right is-stacked-on-mobile\"><div class=\"wp-block-media-text__content\">\n<p class=\"has-large-font-size\"><strong>Qualit\u00e4t sp\u00fcren<\/strong><br>Die Kombination aus gro\u00dfz\u00fcgiger Architektur und bester Ausstattung l\u00e4sst die Seele atmen.<\/p>\n<\/div><figure class=\"wp-block-media-text__media\"><img loading=\"lazy\" decoding=\"async\" width=\"1024\" height=\"682\" src=\"https:\/\/alto30.de\/reihenhaus\/wp-content\/uploads\/sites\/5\/2022\/09\/cam_innen_H3.W11.D06_002_final_web_1-1024x682.jpg\" alt=\"\" class=\"wp-image-680 size-full\" srcset=\"https:\/\/alto30.de\/reihen-haus\/wp-content\/uploads\/sites\/5\/2022\/09\/cam_innen_H3.W11.D06_002_final_web_1-1024x682.jpg 1024w, https:\/\/alto30.de\/reihen-haus\/wp-content\/uploads\/sites\/5\/2022\/09\/cam_innen_H3.W11.D06_002_final_web_1-300x200.jpg 300w, https:\/\/alto30.de\/reihen-haus\/wp-content\/uploads\/sites\/5\/2022\/09\/cam_innen_H3.W11.D06_002_final_web_1-768x512.jpg 768w, https:\/\/alto30.de\/reihen-haus\/wp-content\/uploads\/sites\/5\/2022\/09\/cam_innen_H3.W11.D06_002_final_web_1-1536x1024.jpg 1536w, https:\/\/alto30.de\/reihen-haus\/wp-content\/uploads\/sites\/5\/2022\/09\/cam_innen_H3.W11.D06_002_final_web_1.jpg 2000w\" sizes=\"(max-width: 1024px) 100vw, 1024px\" \/><\/figure><\/div>\n\n\n\n<div class=\"wp-block-media-text alignfull is-stacked-on-mobile\"><figure class=\"wp-block-media-text__media\"><img loading=\"lazy\" decoding=\"async\" width=\"1024\" height=\"682\" src=\"https:\/\/alto30.de\/reihenhaus\/wp-content\/uploads\/sites\/5\/2022\/10\/cam_innen_H2.W03.E04_web_1-1024x682.jpg\" alt=\"\" class=\"wp-image-702 size-full\" srcset=\"https:\/\/alto30.de\/reihen-haus\/wp-content\/uploads\/sites\/5\/2022\/10\/cam_innen_H2.W03.E04_web_1-1024x682.jpg 1024w, https:\/\/alto30.de\/reihen-haus\/wp-content\/uploads\/sites\/5\/2022\/10\/cam_innen_H2.W03.E04_web_1-300x200.jpg 300w, https:\/\/alto30.de\/reihen-haus\/wp-content\/uploads\/sites\/5\/2022\/10\/cam_innen_H2.W03.E04_web_1-768x512.jpg 768w, https:\/\/alto30.de\/reihen-haus\/wp-content\/uploads\/sites\/5\/2022\/10\/cam_innen_H2.W03.E04_web_1-1536x1024.jpg 1536w, https:\/\/alto30.de\/reihen-haus\/wp-content\/uploads\/sites\/5\/2022\/10\/cam_innen_H2.W03.E04_web_1.jpg 2000w\" sizes=\"(max-width: 1024px) 100vw, 1024px\" \/><\/figure><div class=\"wp-block-media-text__content\">\n<p class=\"has-large-font-size\"><strong>Wohnen mit Anspruch<br><\/strong>Das Zuhause wird zum Lieblingsort. Wohlbefinden, Genuss und Entspannung erlebt man hier jeden Tag aufs Neue.<\/p>\n<\/div><\/div>\n\n\n\n<div class=\"wp-block-media-text alignfull has-media-on-the-right is-stacked-on-mobile\"><div class=\"wp-block-media-text__content\">\n<p class=\"has-large-font-size\"><strong>Liebe zum Detail<\/strong><br>Auch Kleinigkeiten werden gut durchdacht, denn die Faszination liegt oft in den Dingen, die gar nicht auffallen.<\/p>\n<\/div><figure class=\"wp-block-media-text__media\"><img loading=\"lazy\" decoding=\"async\" width=\"1024\" height=\"682\" src=\"https:\/\/alto30.de\/reihenhaus\/wp-content\/uploads\/sites\/5\/2022\/10\/cam_innen_H3.W09.D02_002_web_1-1024x682.jpg\" alt=\"\" class=\"wp-image-704 size-full\" srcset=\"https:\/\/alto30.de\/reihen-haus\/wp-content\/uploads\/sites\/5\/2022\/10\/cam_innen_H3.W09.D02_002_web_1-1024x682.jpg 1024w, https:\/\/alto30.de\/reihen-haus\/wp-content\/uploads\/sites\/5\/2022\/10\/cam_innen_H3.W09.D02_002_web_1-300x200.jpg 300w, https:\/\/alto30.de\/reihen-haus\/wp-content\/uploads\/sites\/5\/2022\/10\/cam_innen_H3.W09.D02_002_web_1-768x512.jpg 768w, https:\/\/alto30.de\/reihen-haus\/wp-content\/uploads\/sites\/5\/2022\/10\/cam_innen_H3.W09.D02_002_web_1-1536x1024.jpg 1536w, https:\/\/alto30.de\/reihen-haus\/wp-content\/uploads\/sites\/5\/2022\/10\/cam_innen_H3.W09.D02_002_web_1.jpg 2000w\" sizes=\"(max-width: 1024px) 100vw, 1024px\" \/><\/figure><\/div>\n\n\n\n<div class=\"wp-block-ma-blocks-block-ma-section alignfull no_margin has-text-color has-background has-col-light-gray-color has-col-blau-background-color\"><div class=\"ma-section-content\">\n<div class=\"wp-block-columns is-layout-flex wp-container-core-columns-is-layout-1 wp-block-columns-is-layout-flex\">\n<div class=\"wp-block-column is-layout-flow wp-block-column-is-layout-flow\" style=\"flex-basis:20%\"><\/div>\n\n\n\n<div class=\"wp-block-column is-layout-flow wp-block-column-is-layout-flow\" style=\"flex-basis:60%\">\n<h1 class=\"wp-block-heading\">Wie immer k\u00f6nnen Sie auch bei diesem Projekt viel von uns erwarten<\/h1>\n\n\n\n<p>Insgesamt einen hohen Qualit\u00e4tsanspruch, ausgew\u00e4hlte Ausstattungsmaterialien, modernste Bautechnik, auch barrierefreies Wohnen, GEG Effizienzhaus, einen \u00f6kologischen Ansatz und nicht zuletzt eine \u00fcber Jahrzehnte bew\u00e4hrte und verl\u00e4ssliche Bauausf\u00fchrung aus dem Hause H\u00f6nninger.<\/p>\n\n\n\n<div class=\"wp-block-buttons is-layout-flex wp-block-buttons-is-layout-flex\">\n<div class=\"wp-block-button\"><a class=\"wp-block-button__link has-col-blau-color has-col-light-gray-background-color has-text-color has-background wp-element-button\" href=\"https:\/\/hoenninger.typeform.com\/wohnbau?typeform-source=alto30.de\" target=\"_blank\" rel=\"noreferrer noopener\"><strong>Anfragen<\/strong><\/a><\/div>\n<\/div>\n<\/div>\n\n\n\n<div class=\"wp-block-column is-layout-flow wp-block-column-is-layout-flow\" style=\"flex-basis:20%\"><\/div>\n<\/div>\n<\/div><\/div>\n\n\n\n<p><\/p>\n","protected":false},"excerpt":{"rendered":"<p>5 Reihenh\u00e4user Mehrfamilienhaus mit 11 Wohnungen Mehrfamilienhaus mit 11 Wohnungen Willkommen im Dorfkern von Aubing \u2013 zwischen beschaulicher Idylle und pulsierendem Gro\u00dfstadtleben. Immer mehr Menschen, die in der Isar-Metropole auf der Suche nach einem Zuhause sind, zieht es in den &hellip;<\/p>\n","protected":false},"author":2,"featured_media":0,"parent":0,"menu_order":0,"comment_status":"closed","ping_status":"closed","template":"","meta":{"wp_mapbox_gl_js_media":[],"footnotes":""},"class_list":["post-4","page","type-page","status-publish","hentry","post_content"],"_links":{"self":[{"href":"https:\/\/alto30.de\/reihen-haus\/wp-json\/wp\/v2\/pages\/4"}],"collection":[{"href":"https:\/\/alto30.de\/reihen-haus\/wp-json\/wp\/v2\/pages"}],"about":[{"href":"https:\/\/alto30.de\/reihen-haus\/wp-json\/wp\/v2\/types\/page"}],"author":[{"embeddable":true,"href":"https:\/\/alto30.de\/reihen-haus\/wp-json\/wp\/v2\/users\/2"}],"replies":[{"embeddable":true,"href":"https:\/\/alto30.de\/reihen-haus\/wp-json\/wp\/v2\/comments?post=4"}],"version-history":[{"count":70,"href":"https:\/\/alto30.de\/reihen-haus\/wp-json\/wp\/v2\/pages\/4\/revisions"}],"predecessor-version":[{"id":816,"href":"https:\/\/alto30.de\/reihen-haus\/wp-json\/wp\/v2\/pages\/4\/revisions\/816"}],"wp:attachment":[{"href":"https:\/\/alto30.de\/reihen-haus\/wp-json\/wp\/v2\/media?parent=4"}],"curies":[{"name":"wp","href":"https:\/\/api.w.org\/{rel}","templated":true}]}}