{"id":8,"date":"2018-03-12T14:25:45","date_gmt":"2018-03-12T13:25:45","guid":{"rendered":"http:\/\/2018.hoenninger-wohnbau.de\/test-loremstrasse\/?page_id=8"},"modified":"2026-04-17T16:36:14","modified_gmt":"2026-04-17T14:36:14","slug":"grundrisse","status":"publish","type":"page","link":"https:\/\/alto30.de\/mehrfamilienhaus\/grundrisse\/","title":{"rendered":"Grundrisse"},"content":{"rendered":"\n<div class=\"wp-block-ma-blocks-ma-swiper  is-cropped alignfull\" data-swiper-autoplay=\"6000\" data-speed=\"300\" data-slidesperview=\"3\" data-effect=\"slide\"><ul class=\"swiper-wrapper\"><li class=\"blocks-gallery-item swiper-slide\"><figure><img loading=\"lazy\" decoding=\"async\" width=\"2000\" height=\"1333\" src=\"https:\/\/alto30.de\/mehrfamilienhaus\/wp-content\/uploads\/sites\/4\/2022\/10\/cam_innen_H3.W11.D06_002_final_web_1.jpg\" alt=\"\" data-id=\"694\" data-link=\"https:\/\/alto30.de\/mehrfamilienhaus\/grundrisse\/cam_innen_h3-w11-d06_002_final_web_1-2\/\" class=\"wp-image-694\" srcset=\"https:\/\/alto30.de\/mehrfamilienhaus\/wp-content\/uploads\/sites\/4\/2022\/10\/cam_innen_H3.W11.D06_002_final_web_1.jpg 2000w, https:\/\/alto30.de\/mehrfamilienhaus\/wp-content\/uploads\/sites\/4\/2022\/10\/cam_innen_H3.W11.D06_002_final_web_1-300x200.jpg 300w, https:\/\/alto30.de\/mehrfamilienhaus\/wp-content\/uploads\/sites\/4\/2022\/10\/cam_innen_H3.W11.D06_002_final_web_1-1024x682.jpg 1024w, https:\/\/alto30.de\/mehrfamilienhaus\/wp-content\/uploads\/sites\/4\/2022\/10\/cam_innen_H3.W11.D06_002_final_web_1-768x512.jpg 768w, https:\/\/alto30.de\/mehrfamilienhaus\/wp-content\/uploads\/sites\/4\/2022\/10\/cam_innen_H3.W11.D06_002_final_web_1-1536x1024.jpg 1536w\" sizes=\"(max-width: 2000px) 100vw, 2000px\" \/><\/figure><\/li><li class=\"blocks-gallery-item swiper-slide\"><figure><img loading=\"lazy\" decoding=\"async\" width=\"2000\" height=\"1333\" src=\"https:\/\/alto30.de\/mehrfamilienhaus\/wp-content\/uploads\/sites\/4\/2022\/10\/cam_aussen_001_web_1.jpg\" alt=\"\" data-id=\"695\" data-link=\"https:\/\/alto30.de\/mehrfamilienhaus\/grundrisse\/cam_aussen_001_web_1\/\" class=\"wp-image-695\" srcset=\"https:\/\/alto30.de\/mehrfamilienhaus\/wp-content\/uploads\/sites\/4\/2022\/10\/cam_aussen_001_web_1.jpg 2000w, https:\/\/alto30.de\/mehrfamilienhaus\/wp-content\/uploads\/sites\/4\/2022\/10\/cam_aussen_001_web_1-300x200.jpg 300w, https:\/\/alto30.de\/mehrfamilienhaus\/wp-content\/uploads\/sites\/4\/2022\/10\/cam_aussen_001_web_1-1024x682.jpg 1024w, https:\/\/alto30.de\/mehrfamilienhaus\/wp-content\/uploads\/sites\/4\/2022\/10\/cam_aussen_001_web_1-768x512.jpg 768w, https:\/\/alto30.de\/mehrfamilienhaus\/wp-content\/uploads\/sites\/4\/2022\/10\/cam_aussen_001_web_1-1536x1024.jpg 1536w\" sizes=\"(max-width: 2000px) 100vw, 2000px\" \/><\/figure><\/li><li class=\"blocks-gallery-item swiper-slide\"><figure><img loading=\"lazy\" decoding=\"async\" width=\"2000\" height=\"1333\" src=\"https:\/\/alto30.de\/mehrfamilienhaus\/wp-content\/uploads\/sites\/4\/2022\/10\/cam_aussen_002_web_1.jpg\" alt=\"\" data-id=\"696\" data-link=\"https:\/\/alto30.de\/mehrfamilienhaus\/grundrisse\/cam_aussen_002_web_1\/\" class=\"wp-image-696\" srcset=\"https:\/\/alto30.de\/mehrfamilienhaus\/wp-content\/uploads\/sites\/4\/2022\/10\/cam_aussen_002_web_1.jpg 2000w, https:\/\/alto30.de\/mehrfamilienhaus\/wp-content\/uploads\/sites\/4\/2022\/10\/cam_aussen_002_web_1-300x200.jpg 300w, https:\/\/alto30.de\/mehrfamilienhaus\/wp-content\/uploads\/sites\/4\/2022\/10\/cam_aussen_002_web_1-1024x682.jpg 1024w, https:\/\/alto30.de\/mehrfamilienhaus\/wp-content\/uploads\/sites\/4\/2022\/10\/cam_aussen_002_web_1-768x512.jpg 768w, https:\/\/alto30.de\/mehrfamilienhaus\/wp-content\/uploads\/sites\/4\/2022\/10\/cam_aussen_002_web_1-1536x1024.jpg 1536w\" sizes=\"(max-width: 2000px) 100vw, 2000px\" \/><\/figure><\/li><li class=\"blocks-gallery-item swiper-slide\"><figure><img loading=\"lazy\" decoding=\"async\" width=\"2000\" height=\"1333\" src=\"https:\/\/alto30.de\/mehrfamilienhaus\/wp-content\/uploads\/sites\/4\/2022\/10\/cam_aussen_008_web_1.jpg\" alt=\"\" data-id=\"697\" data-link=\"https:\/\/alto30.de\/mehrfamilienhaus\/grundrisse\/cam_aussen_008_web_1\/\" class=\"wp-image-697\" srcset=\"https:\/\/alto30.de\/mehrfamilienhaus\/wp-content\/uploads\/sites\/4\/2022\/10\/cam_aussen_008_web_1.jpg 2000w, https:\/\/alto30.de\/mehrfamilienhaus\/wp-content\/uploads\/sites\/4\/2022\/10\/cam_aussen_008_web_1-300x200.jpg 300w, https:\/\/alto30.de\/mehrfamilienhaus\/wp-content\/uploads\/sites\/4\/2022\/10\/cam_aussen_008_web_1-1024x682.jpg 1024w, https:\/\/alto30.de\/mehrfamilienhaus\/wp-content\/uploads\/sites\/4\/2022\/10\/cam_aussen_008_web_1-768x512.jpg 768w, https:\/\/alto30.de\/mehrfamilienhaus\/wp-content\/uploads\/sites\/4\/2022\/10\/cam_aussen_008_web_1-1536x1024.jpg 1536w\" sizes=\"(max-width: 2000px) 100vw, 2000px\" \/><\/figure><\/li><li class=\"blocks-gallery-item swiper-slide\"><figure><img loading=\"lazy\" decoding=\"async\" width=\"2000\" height=\"1333\" src=\"https:\/\/alto30.de\/mehrfamilienhaus\/wp-content\/uploads\/sites\/4\/2022\/10\/cam_aussen_010_final_ALTERNATIVE__web_1.jpg\" alt=\"\" data-id=\"698\" data-link=\"https:\/\/alto30.de\/mehrfamilienhaus\/grundrisse\/cam_aussen_010_final_alternative__web_1\/\" class=\"wp-image-698\" srcset=\"https:\/\/alto30.de\/mehrfamilienhaus\/wp-content\/uploads\/sites\/4\/2022\/10\/cam_aussen_010_final_ALTERNATIVE__web_1.jpg 2000w, https:\/\/alto30.de\/mehrfamilienhaus\/wp-content\/uploads\/sites\/4\/2022\/10\/cam_aussen_010_final_ALTERNATIVE__web_1-300x200.jpg 300w, https:\/\/alto30.de\/mehrfamilienhaus\/wp-content\/uploads\/sites\/4\/2022\/10\/cam_aussen_010_final_ALTERNATIVE__web_1-1024x682.jpg 1024w, https:\/\/alto30.de\/mehrfamilienhaus\/wp-content\/uploads\/sites\/4\/2022\/10\/cam_aussen_010_final_ALTERNATIVE__web_1-768x512.jpg 768w, https:\/\/alto30.de\/mehrfamilienhaus\/wp-content\/uploads\/sites\/4\/2022\/10\/cam_aussen_010_final_ALTERNATIVE__web_1-1536x1024.jpg 1536w\" sizes=\"(max-width: 2000px) 100vw, 2000px\" \/><\/figure><\/li><li class=\"blocks-gallery-item swiper-slide\"><figure><img loading=\"lazy\" decoding=\"async\" width=\"2000\" height=\"1333\" src=\"https:\/\/alto30.de\/mehrfamilienhaus\/wp-content\/uploads\/sites\/4\/2022\/10\/cam_innen_H2.W03.E04_web_1.jpg\" alt=\"\" data-id=\"702\" data-link=\"https:\/\/alto30.de\/mehrfamilienhaus\/grundrisse\/cam_innen_h2-w03-e04_web_1\/\" class=\"wp-image-702\" srcset=\"https:\/\/alto30.de\/mehrfamilienhaus\/wp-content\/uploads\/sites\/4\/2022\/10\/cam_innen_H2.W03.E04_web_1.jpg 2000w, https:\/\/alto30.de\/mehrfamilienhaus\/wp-content\/uploads\/sites\/4\/2022\/10\/cam_innen_H2.W03.E04_web_1-300x200.jpg 300w, https:\/\/alto30.de\/mehrfamilienhaus\/wp-content\/uploads\/sites\/4\/2022\/10\/cam_innen_H2.W03.E04_web_1-1024x682.jpg 1024w, https:\/\/alto30.de\/mehrfamilienhaus\/wp-content\/uploads\/sites\/4\/2022\/10\/cam_innen_H2.W03.E04_web_1-768x512.jpg 768w, https:\/\/alto30.de\/mehrfamilienhaus\/wp-content\/uploads\/sites\/4\/2022\/10\/cam_innen_H2.W03.E04_web_1-1536x1024.jpg 1536w\" sizes=\"(max-width: 2000px) 100vw, 2000px\" \/><\/figure><\/li><li class=\"blocks-gallery-item swiper-slide\"><figure><img loading=\"lazy\" decoding=\"async\" width=\"2000\" height=\"1333\" src=\"https:\/\/alto30.de\/mehrfamilienhaus\/wp-content\/uploads\/sites\/4\/2022\/10\/cam_innen_H2.W09.D05_001_web_1.jpg\" alt=\"\" data-id=\"703\" data-link=\"https:\/\/alto30.de\/mehrfamilienhaus\/grundrisse\/cam_innen_h2-w09-d05_001_web_1\/\" class=\"wp-image-703\" srcset=\"https:\/\/alto30.de\/mehrfamilienhaus\/wp-content\/uploads\/sites\/4\/2022\/10\/cam_innen_H2.W09.D05_001_web_1.jpg 2000w, https:\/\/alto30.de\/mehrfamilienhaus\/wp-content\/uploads\/sites\/4\/2022\/10\/cam_innen_H2.W09.D05_001_web_1-300x200.jpg 300w, https:\/\/alto30.de\/mehrfamilienhaus\/wp-content\/uploads\/sites\/4\/2022\/10\/cam_innen_H2.W09.D05_001_web_1-1024x682.jpg 1024w, https:\/\/alto30.de\/mehrfamilienhaus\/wp-content\/uploads\/sites\/4\/2022\/10\/cam_innen_H2.W09.D05_001_web_1-768x512.jpg 768w, https:\/\/alto30.de\/mehrfamilienhaus\/wp-content\/uploads\/sites\/4\/2022\/10\/cam_innen_H2.W09.D05_001_web_1-1536x1024.jpg 1536w\" sizes=\"(max-width: 2000px) 100vw, 2000px\" \/><\/figure><\/li><li class=\"blocks-gallery-item swiper-slide\"><figure><img loading=\"lazy\" decoding=\"async\" width=\"2000\" height=\"1333\" src=\"https:\/\/alto30.de\/mehrfamilienhaus\/wp-content\/uploads\/sites\/4\/2022\/10\/cam_innen_H3.W09.D02_002_web_1.jpg\" alt=\"\" data-id=\"704\" data-link=\"https:\/\/alto30.de\/mehrfamilienhaus\/grundrisse\/cam_innen_h3-w09-d02_002_web_1\/\" class=\"wp-image-704\" srcset=\"https:\/\/alto30.de\/mehrfamilienhaus\/wp-content\/uploads\/sites\/4\/2022\/10\/cam_innen_H3.W09.D02_002_web_1.jpg 2000w, https:\/\/alto30.de\/mehrfamilienhaus\/wp-content\/uploads\/sites\/4\/2022\/10\/cam_innen_H3.W09.D02_002_web_1-300x200.jpg 300w, https:\/\/alto30.de\/mehrfamilienhaus\/wp-content\/uploads\/sites\/4\/2022\/10\/cam_innen_H3.W09.D02_002_web_1-1024x682.jpg 1024w, https:\/\/alto30.de\/mehrfamilienhaus\/wp-content\/uploads\/sites\/4\/2022\/10\/cam_innen_H3.W09.D02_002_web_1-768x512.jpg 768w, https:\/\/alto30.de\/mehrfamilienhaus\/wp-content\/uploads\/sites\/4\/2022\/10\/cam_innen_H3.W09.D02_002_web_1-1536x1024.jpg 1536w\" sizes=\"(max-width: 2000px) 100vw, 2000px\" \/><\/figure><\/li><\/ul><div class=\"content-overlay\"><\/div><\/div>\n\n\n\n<figure class=\"wp-block-table is-style-stripes\"><table><thead><tr><td>Bezeichnung<\/td><td>Etage<\/td><td class=\"has-text-align-center\" data-align=\"center\">Wohnfl\u00e4che (m<sup>2<\/sup>)<\/td><td class=\"has-text-align-center\" data-align=\"center\">Nutzfl\u00e4che (m<sup>2<\/sup>)<\/td><td>Wohnungstyp<\/td><td>Kaufpreis<\/td><td>Grundriss PDF<\/td><\/tr><\/thead><tbody><tr><td><strong>Haus 2<\/strong><\/td><td><\/td><td class=\"has-text-align-center\" data-align=\"center\"><\/td><td class=\"has-text-align-center\" data-align=\"center\"><\/td><td><\/td><td><\/td><td><\/td><\/tr><tr><td>Wohnung 7<br>zzgl. Sondereigentum<\/td><td>EG<br>Garten<\/td><td class=\"has-text-align-center\" data-align=\"center\">89,53<br><\/td><td class=\"has-text-align-center\" data-align=\"center\">15,58<br> ca. 122,65 qm<\/td><td>3-Zimmer<\/td><td>970.000 \u20ac<\/td><td><a href=\"https:\/\/alto30.de\/mehrfamilienhaus\/wp-content\/uploads\/sites\/4\/2025\/12\/ALTO30_H2-WHG-07_251219.pdf\" target=\"_blank\" rel=\"noreferrer noopener\">Download<\/a><\/td><\/tr><tr><td>Wohnung 9*<br>zzgl. Sondereigentum<\/td><td>EG<br>Garten<\/td><td class=\"has-text-align-center\" data-align=\"center\">61,42<br><\/td><td class=\"has-text-align-center\" data-align=\"center\">12,89<br>ca. 50,20<\/td><td>2-Zimmer<\/td><td>645.000 \u20ac<\/td><td><a href=\"https:\/\/alto30.de\/mehrfamilienhaus\/wp-content\/uploads\/sites\/4\/2025\/12\/ALTO30_H2-WHG-09_251219.pdf\" target=\"_blank\" rel=\"noreferrer noopener\">Download<\/a><\/td><\/tr><tr><td>Wohnung 10<\/td><td>OG<\/td><td class=\"has-text-align-center\" data-align=\"center\">79,28<\/td><td class=\"has-text-align-center\" data-align=\"center\">11,96<\/td><td>3-Zimmer<\/td><td>895.000 \u20ac<\/td><td><a href=\"https:\/\/alto30.de\/mehrfamilienhaus\/wp-content\/uploads\/sites\/4\/2025\/12\/ALTO30_H2-WHG-10_251219.pdf\" target=\"_blank\" rel=\"noreferrer noopener\">Download<\/a><\/td><\/tr><tr><td>Wohnung 13<\/td><td>OG<\/td><td class=\"has-text-align-center\" data-align=\"center\">58,46<\/td><td class=\"has-text-align-center\" data-align=\"center\">9,92<\/td><td>2-Zimmer<\/td><td>649.000 \u20ac<\/td><td><a href=\"https:\/\/alto30.de\/mehrfamilienhaus\/wp-content\/uploads\/sites\/4\/2025\/12\/ALTO30_H2-WHG-13_251219.pdf\" target=\"_blank\" rel=\"noreferrer noopener\">Download<\/a><\/td><\/tr><tr><td>Wohnung 16<\/td><td>DG<\/td><td class=\"has-text-align-center\" data-align=\"center\">75,98<\/td><td class=\"has-text-align-center\" data-align=\"center\">18,70<\/td><td>2-Zimmer<\/td><td>835.000 \u20ac<\/td><td><a href=\"https:\/\/alto30.de\/mehrfamilienhaus\/wp-content\/uploads\/sites\/4\/2025\/12\/ALTO30_H2-WHG-16_251219.pdf\" target=\"_blank\" rel=\"noreferrer noopener\">Download<\/a><\/td><\/tr><tr><td>TG-Einzelstellplatz<\/td><td>UG<\/td><td class=\"has-text-align-center\" data-align=\"center\">85,49<\/td><td class=\"has-text-align-center\" data-align=\"center\">11,33<\/td><td>3-Zimmer<\/td><td>je 39.000 \u20ac<\/td><td><a href=\"https:\/\/alto30.de\/mehrfamilienhaus\/wp-content\/uploads\/sites\/4\/2024\/10\/Alto30_TG_102024.pdf\" target=\"_blank\" rel=\"noreferrer noopener\">Download<\/a><\/td><\/tr><tr><td><\/td><td><\/td><td class=\"has-text-align-center\" data-align=\"center\"><\/td><td class=\"has-text-align-center\" data-align=\"center\"><\/td><td><\/td><td><\/td><td><\/td><\/tr><tr><td><strong>Haus 3<\/strong><\/td><td><\/td><td class=\"has-text-align-center\" data-align=\"center\"><\/td><td class=\"has-text-align-center\" data-align=\"center\"><\/td><td><\/td><td><\/td><td><\/td><\/tr><tr><td>Wohnung 17<br>zzgl. Sondereigentum<\/td><td>EG<br>Garten<\/td><td class=\"has-text-align-center\" data-align=\"center\">85,72<br><\/td><td class=\"has-text-align-center\" data-align=\"center\">10,40<br>ca. 111,85<\/td><td>3-Zimmer<\/td><td>850.000 \u20ac<\/td><td><a href=\"https:\/\/alto30.de\/mehrfamilienhaus\/wp-content\/uploads\/sites\/4\/2025\/12\/ALTO30_H3-WHG-17_251219.pdf\" target=\"_blank\" rel=\"noreferrer noopener\">Download<\/a><\/td><\/tr><tr><td>Wohnung 18<br>zzgl. Sondereigentum<\/td><td>EG<br>Garten<\/td><td class=\"has-text-align-center\" data-align=\"center\">111,41<br><\/td><td class=\"has-text-align-center\" data-align=\"center\">22,82<br>ca. 204,80<\/td><td>4-Zimmer<\/td><td>1.195.000 \u20ac<\/td><td><a href=\"https:\/\/alto30.de\/mehrfamilienhaus\/wp-content\/uploads\/sites\/4\/2025\/12\/ALTO30_H3-WHG-18_251219.pdf\" target=\"_blank\" rel=\"noreferrer noopener\">Download<\/a><\/td><\/tr><tr><td>Wohnung 19*<br>zzgl. Sondereigentum<\/td><td>EG<br>Garten<\/td><td class=\"has-text-align-center\" data-align=\"center\">57,07<br><\/td><td class=\"has-text-align-center\" data-align=\"center\">9,93<br>ca. 53,60<\/td><td>2-Zimmer<\/td><td>620.000 \u20ac<\/td><td><a href=\"https:\/\/alto30.de\/mehrfamilienhaus\/wp-content\/uploads\/sites\/4\/2025\/12\/ALTO30_H3-WHG-19_251219.pdf\" target=\"_blank\" rel=\"noreferrer noopener\">Download<\/a><\/td><\/tr><tr><td>Wohnung 21<\/td><td>OG<\/td><td class=\"has-text-align-center\" data-align=\"center\">84,26<\/td><td class=\"has-text-align-center\" data-align=\"center\">8,90<\/td><td>3-Zimmer<\/td><td>840.000 \u20ac<\/td><td><a href=\"https:\/\/alto30.de\/mehrfamilienhaus\/wp-content\/uploads\/sites\/4\/2025\/12\/ALTO30_H3-WHG-21_251219.pdf\" target=\"_blank\" rel=\"noreferrer noopener\">Download<\/a><\/td><\/tr><tr><td>Wohnung 23*<\/td><td>OG<\/td><td class=\"has-text-align-center\" data-align=\"center\">55,81<\/td><td class=\"has-text-align-center\" data-align=\"center\">7,38<\/td><td>2-Zimmer<\/td><td>599.000 \u20ac<\/td><td><a href=\"https:\/\/alto30.de\/mehrfamilienhaus\/wp-content\/uploads\/sites\/4\/2025\/12\/ALTO30_H3-WHG-23_251219.pdf\" target=\"_blank\" rel=\"noreferrer noopener\">Download<\/a><\/td><\/tr><tr><td>Wohnung 27<\/td><td>DG<\/td><td class=\"has-text-align-center\" data-align=\"center\">71,86<\/td><td class=\"has-text-align-center\" data-align=\"center\">15,25<\/td><td>2-Zimmer<\/td><td>790.000 \u20ac<\/td><td><a href=\"https:\/\/alto30.de\/mehrfamilienhaus\/wp-content\/uploads\/sites\/4\/2025\/12\/ALTO30_H3-WHG-27_251219.pdf\" target=\"_blank\" rel=\"noreferrer noopener\">Download<\/a><\/td><\/tr><tr><td>TG-Einzelstellplatz<\/td><td>UG<\/td><td class=\"has-text-align-center\" data-align=\"center\"><\/td><td class=\"has-text-align-center\" data-align=\"center\"><\/td><td><\/td><td>je 39.000 \u20ac<\/td><td><a href=\"https:\/\/alto30.de\/mehrfamilienhaus\/wp-content\/uploads\/sites\/4\/2024\/10\/Alto30_TG_102024.pdf\" target=\"_blank\" rel=\"noreferrer noopener\">Download<\/a><\/td><\/tr><\/tbody><\/table><\/figure>\n\n\n\n<p style=\"font-size:11px\">Die Wohnfl\u00e4che ist eine \u201eNettowohnfl\u00e4che\u201c. Das hei\u00dft, Fl\u00e4chen beinhalten bereits einen Putzabzug. Die Berechnung der Wohnfl\u00e4che erfolgt nach der gesetzlichen Wohnfl\u00e4chenverordnung (Die Wohnfl\u00e4che ist eine \u201eNettowohnfl\u00e4che\u201c; das hei\u00dft, Fl\u00e4chen beinhalten bereits einen Putzabzug. Die Berechnung der Wohnfl\u00e4che erfolgt nach der gesetzlichen Wohnfl\u00e4chenverordnung (WoFlV). Terrassen im Erdgeschosssowie Dachterrassen&nbsp;werden jeweils h\u00e4lftig zum Ansatz gebracht. Die Fl\u00e4chen in der Empore im Dachgeschoss sind nach Art. 45 BayBO keine Aufenthaltsr\u00e4ume. Trotzdem geh\u00f6ren auch diese R\u00e4ume auf der Empore im Dachgeschoss zur Wohnfl\u00e4che im Sinne von \u00a7 2 WoFlV unabh\u00e4ngig davon, dass sie die f\u00fcr eine Nutzung als Aufenthaltsraum geltenden Anforderungen gem\u00e4\u00df Art. 45 BayBO nicht erf\u00fcllen. Im Zuge des Genehmigungsverfahrens bzw. in der Ausf\u00fchrungsplanung k\u00f6nnen sich \u00c4nderungen ergeben. Die Fl\u00e4chenangaben in Verkaufsunterlagen sind ohne Gew\u00e4hr. Die Erdgeschosswohnungen verf\u00fcgen \u00fcber einen eigenen Gartenanteil (Sondereigentum).<\/p>\n\n\n\n<p style=\"font-size:11px\">*Barrierefreie Wohnungen (gem\u00e4\u00df BayBO): 2 und 4<\/p>\n","protected":false},"excerpt":{"rendered":"<p>Bezeichnung Etage Wohnfl\u00e4che (m2) Nutzfl\u00e4che (m2) Wohnungstyp Kaufpreis Grundriss PDF Haus 2 Wohnung 7zzgl. Sondereigentum EGGarten 89,53 15,58 ca. 122,65 qm 3-Zimmer 970.000 \u20ac Download Wohnung 9*zzgl. Sondereigentum EGGarten 61,42 12,89ca. 50,20 2-Zimmer 645.000 \u20ac Download Wohnung 10 OG 79,28 &hellip;<\/p>\n","protected":false},"author":2,"featured_media":0,"parent":0,"menu_order":0,"comment_status":"closed","ping_status":"closed","template":"","meta":{"wp_mapbox_gl_js_media":[],"footnotes":""},"class_list":["post-8","page","type-page","status-publish","hentry","post_content"],"_links":{"self":[{"href":"https:\/\/alto30.de\/mehrfamilienhaus\/wp-json\/wp\/v2\/pages\/8"}],"collection":[{"href":"https:\/\/alto30.de\/mehrfamilienhaus\/wp-json\/wp\/v2\/pages"}],"about":[{"href":"https:\/\/alto30.de\/mehrfamilienhaus\/wp-json\/wp\/v2\/types\/page"}],"author":[{"embeddable":true,"href":"https:\/\/alto30.de\/mehrfamilienhaus\/wp-json\/wp\/v2\/users\/2"}],"replies":[{"embeddable":true,"href":"https:\/\/alto30.de\/mehrfamilienhaus\/wp-json\/wp\/v2\/comments?post=8"}],"version-history":[{"count":149,"href":"https:\/\/alto30.de\/mehrfamilienhaus\/wp-json\/wp\/v2\/pages\/8\/revisions"}],"predecessor-version":[{"id":966,"href":"https:\/\/alto30.de\/mehrfamilienhaus\/wp-json\/wp\/v2\/pages\/8\/revisions\/966"}],"wp:attachment":[{"href":"https:\/\/alto30.de\/mehrfamilienhaus\/wp-json\/wp\/v2\/media?parent=8"}],"curies":[{"name":"wp","href":"https:\/\/api.w.org\/{rel}","templated":true}]}}