{"id":684,"date":"2022-09-28T17:50:47","date_gmt":"2022-09-28T15:50:47","guid":{"rendered":"https:\/\/alto30.de\/mehrfamilienhaus\/?page_id=684"},"modified":"2025-04-23T11:08:28","modified_gmt":"2025-04-23T09:08:28","slug":"lage-neu","status":"publish","type":"page","link":"https:\/\/alto30.de\/mehrfamilienhaus\/lage-neu\/","title":{"rendered":"Lage"},"content":{"rendered":"\n<figure class=\"wp-block-image alignfull size-full label_image\" id=\"label_image\"><img loading=\"lazy\" decoding=\"async\" width=\"2560\" height=\"1456\" src=\"https:\/\/hoenninger-wohnbau.de\/wp-content\/uploads\/2022\/06\/alto_30_header01.png\" alt=\"\" class=\"wp-image-638\" srcset=\"https:\/\/alto30.de\/mehrfamilienhaus\/wp-content\/uploads\/sites\/4\/2022\/06\/alto_30_header01.png 2560w, https:\/\/alto30.de\/mehrfamilienhaus\/wp-content\/uploads\/sites\/4\/2022\/06\/alto_30_header01-300x170.png 300w, https:\/\/alto30.de\/mehrfamilienhaus\/wp-content\/uploads\/sites\/4\/2022\/06\/alto_30_header01-1024x582.png 1024w, https:\/\/alto30.de\/mehrfamilienhaus\/wp-content\/uploads\/sites\/4\/2022\/06\/alto_30_header01-768x437.png 768w, https:\/\/alto30.de\/mehrfamilienhaus\/wp-content\/uploads\/sites\/4\/2022\/06\/alto_30_header01-1536x874.png 1536w, https:\/\/alto30.de\/mehrfamilienhaus\/wp-content\/uploads\/sites\/4\/2022\/06\/alto_30_header01-2048x1165.png 2048w, https:\/\/alto30.de\/mehrfamilienhaus\/wp-content\/uploads\/sites\/4\/2022\/06\/alto_30_header01-450x255.png 450w, https:\/\/alto30.de\/mehrfamilienhaus\/wp-content\/uploads\/sites\/4\/2022\/06\/alto_30_header01-1800x1024.png 1800w\" sizes=\"(max-width: 2560px) 100vw, 2560px\" \/>\n\n<span class=\"image_label\" id=\"image_label_01\"><span class=\"image_textlabel\"> 5 Reihenh\u00e4user<\/span><\/span>\n<span class=\"image_label\" id=\"image_label_02\"><span class=\"image_textlabel\">Mehrfamilienhaus mit 11 Wohnungen<\/span><\/span>\n<span class=\"image_label\" id=\"image_label_03\"><span class=\"image_textlabel\">Mehrfamilienhaus mit 11 Wohnungen<\/span><\/span>\n<\/figure>\n\n<style>\n\n#image_label_01 {\ntop: 20vw;\nleft: 20vw;\n}\n\n#image_label_02 {\ntop: calc(20vw - 10%);\nleft: calc( 20vw + 27%);\n}\n\n#image_label_03 {\ntop: calc(20vw - 21%);\nleft: calc( 20vw + 52%);\n}\n\n<\/style>\n\n\n\n<div class=\"wp-block-media-text alignfull has-media-on-the-right is-stacked-on-mobile\"><div class=\"wp-block-media-text__content\">\n<p class=\"has-col-blau-color has-text-color has-large-font-size\"><strong>Hier will ich wohnen<\/strong><\/p>\n\n\n\n<p>Die naturnahe und familienfreundliche Lage Aubings liegt auf der Hand. Hinzu kommt die optimale Anbindung an die M\u00fcnchner Innenstadt: In ca. 20 Minuten sind Sie mit der S-Bahn von Aubing aus im Herzen M\u00fcnchens auf dem Marienplatz. Weniger als 5 Minuten sind es per S-Bahn nach Pasing mit bester Infrastruktur wie dem 150 Gesch\u00e4fte umfassenden Shopping-Center Pasing Arcaden am quirligen Bahnhofsplatz.<\/p>\n<\/div><figure class=\"wp-block-media-text__media\"><img loading=\"lazy\" decoding=\"async\" width=\"1024\" height=\"682\" src=\"https:\/\/hoenninger-wohnbau.de\/wp-content\/uploads\/2022\/06\/Ho\u0308nninger_Aubing-03-1024x682.jpg\" alt=\"\" class=\"wp-image-655 size-full\" srcset=\"https:\/\/alto30.de\/mehrfamilienhaus\/wp-content\/uploads\/sites\/4\/2022\/06\/Ho\u0308nninger_Aubing-03-1024x682.jpg 1024w, https:\/\/alto30.de\/mehrfamilienhaus\/wp-content\/uploads\/sites\/4\/2022\/06\/Ho\u0308nninger_Aubing-03-300x200.jpg 300w, https:\/\/alto30.de\/mehrfamilienhaus\/wp-content\/uploads\/sites\/4\/2022\/06\/Ho\u0308nninger_Aubing-03-768x511.jpg 768w, https:\/\/alto30.de\/mehrfamilienhaus\/wp-content\/uploads\/sites\/4\/2022\/06\/Ho\u0308nninger_Aubing-03-1536x1023.jpg 1536w, https:\/\/alto30.de\/mehrfamilienhaus\/wp-content\/uploads\/sites\/4\/2022\/06\/Ho\u0308nninger_Aubing-03-1538x1024.jpg 1538w, https:\/\/alto30.de\/mehrfamilienhaus\/wp-content\/uploads\/sites\/4\/2022\/06\/Ho\u0308nninger_Aubing-03.jpg 2000w\" sizes=\"(max-width: 1024px) 100vw, 1024px\" \/><\/figure><\/div>\n\n\n\n<div class=\"wp-block-media-text alignfull is-stacked-on-mobile\"><figure class=\"wp-block-media-text__media\"><img loading=\"lazy\" decoding=\"async\" width=\"1024\" height=\"856\" src=\"https:\/\/alto30.de\/mehrfamilienhaus\/wp-content\/uploads\/sites\/4\/2022\/06\/Aubing_StQuirin_sonne-1024x856.jpg\" alt=\"\" class=\"wp-image-613 size-full\" srcset=\"https:\/\/alto30.de\/mehrfamilienhaus\/wp-content\/uploads\/sites\/4\/2022\/06\/Aubing_StQuirin_sonne-1024x856.jpg 1024w, https:\/\/alto30.de\/mehrfamilienhaus\/wp-content\/uploads\/sites\/4\/2022\/06\/Aubing_StQuirin_sonne-300x251.jpg 300w, https:\/\/alto30.de\/mehrfamilienhaus\/wp-content\/uploads\/sites\/4\/2022\/06\/Aubing_StQuirin_sonne-768x642.jpg 768w, https:\/\/alto30.de\/mehrfamilienhaus\/wp-content\/uploads\/sites\/4\/2022\/06\/Aubing_StQuirin_sonne-1536x1285.jpg 1536w, https:\/\/alto30.de\/mehrfamilienhaus\/wp-content\/uploads\/sites\/4\/2022\/06\/Aubing_StQuirin_sonne-2048x1713.jpg 2048w, https:\/\/alto30.de\/mehrfamilienhaus\/wp-content\/uploads\/sites\/4\/2022\/06\/Aubing_StQuirin_sonne-1224x1024.jpg 1224w\" sizes=\"(max-width: 1024px) 100vw, 1024px\" \/><\/figure><div class=\"wp-block-media-text__content\">\n<p>Wer in Aubing wohnt, versp\u00fcrt noch heute den l\u00e4ndlichen Charme im historischen Dorfkern der ehemaligen Gemeinde. Denn in Alt-Aubing hat sich die traditionelle Mittelpunktfunktion als Quartierszentrum f\u00fcr die Grund- und Nahversorgung erhalten. Pittoresk mutet die unter Denkmalschutz stehende gotisch-barocke Pfarrkirche St. Quirin an, die 1489 geweiht wurde.<br>Auch andere Bauwerke repr\u00e4sentieren bis heute das urspr\u00fcngliche Aubing, z. B. der Aubinger Wasserturm, ein rund 40 Meter hohes Industriedenkmal und Wahrzeichen.<\/p>\n<\/div><\/div>\n\n\n\n<div class=\"wp-block-media-text alignfull has-media-on-the-right is-stacked-on-mobile\"><div class=\"wp-block-media-text__content\">\n<p>Bekannt ist Aubing allen voran f\u00fcr das Naherholungsgebiet Aubinger Lohe. Hier finden Spazierg\u00e4nger, Wanderer und Radfahrer eine Vielzahl an Wegen und Gr\u00fcnfl\u00e4chen, die zu Erkundungstouren einladen. Die Kinderherzen l\u00e4sst der Spielplatz Aubinger Lohe h\u00f6herschlagen. Kein Wunder, dass die Landeshauptstadt M\u00fcnchen den hohen Anteil an Kindern und Jugendlichen hervorhebt \u2013 Aubing gilt durch die schnell erreichbaren Kinderg\u00e4rten, Kitas und Schulen nicht umsonst als \u00e4u\u00dferst familienfreundlich. Ein Paradies f\u00fcr Familien!<\/p>\n<\/div><figure class=\"wp-block-media-text__media\"><img loading=\"lazy\" decoding=\"async\" width=\"1024\" height=\"914\" src=\"https:\/\/hoenninger-wohnbau.de\/wp-content\/uploads\/2022\/06\/Familie-1024x914.jpg\" alt=\"\" class=\"wp-image-615 size-full\" srcset=\"https:\/\/alto30.de\/mehrfamilienhaus\/wp-content\/uploads\/sites\/4\/2022\/06\/Familie-1024x914.jpg 1024w, https:\/\/alto30.de\/mehrfamilienhaus\/wp-content\/uploads\/sites\/4\/2022\/06\/Familie-300x268.jpg 300w, https:\/\/alto30.de\/mehrfamilienhaus\/wp-content\/uploads\/sites\/4\/2022\/06\/Familie-768x686.jpg 768w, https:\/\/alto30.de\/mehrfamilienhaus\/wp-content\/uploads\/sites\/4\/2022\/06\/Familie-1147x1024.jpg 1147w, https:\/\/alto30.de\/mehrfamilienhaus\/wp-content\/uploads\/sites\/4\/2022\/06\/Familie.jpg 1500w\" sizes=\"(max-width: 1024px) 100vw, 1024px\" \/><\/figure><\/div>\n\n\n\n<div class=\"wp-block-media-text alignfull is-stacked-on-mobile\"><figure class=\"wp-block-media-text__media\"><img loading=\"lazy\" decoding=\"async\" width=\"1024\" height=\"768\" src=\"https:\/\/hoenninger-wohnbau.de\/wp-content\/uploads\/2022\/06\/LangwiederSeenplatte-1024x768.jpg\" alt=\"\" class=\"wp-image-618 size-full\" srcset=\"https:\/\/alto30.de\/mehrfamilienhaus\/wp-content\/uploads\/sites\/4\/2022\/06\/LangwiederSeenplatte-1024x768.jpg 1024w, https:\/\/alto30.de\/mehrfamilienhaus\/wp-content\/uploads\/sites\/4\/2022\/06\/LangwiederSeenplatte-300x225.jpg 300w, https:\/\/alto30.de\/mehrfamilienhaus\/wp-content\/uploads\/sites\/4\/2022\/06\/LangwiederSeenplatte-768x576.jpg 768w, https:\/\/alto30.de\/mehrfamilienhaus\/wp-content\/uploads\/sites\/4\/2022\/06\/LangwiederSeenplatte-1365x1024.jpg 1365w, https:\/\/alto30.de\/mehrfamilienhaus\/wp-content\/uploads\/sites\/4\/2022\/06\/LangwiederSeenplatte.jpg 1500w\" sizes=\"(max-width: 1024px) 100vw, 1024px\" \/><\/figure><div class=\"wp-block-media-text__content\">\n<p>Gleicherma\u00dfen beliebt bei Gro\u00df und Klein ist ein weiteres Naherholungsgebiet: der Langwieder See. M\u00fcnchens zweitgr\u00f6\u00dfter Badesee l\u00e4dt im Sommer zu Badespa\u00df in der Natur ein. Viel Platz f\u00fcr Erholung bieten die Liegewiesen, w\u00e4hrend die Volleyball- und Fu\u00dfballpl\u00e4tze, der Kinderspielplatz, eine Minigolfanlage und eine Grillzone zu abwechslungsreicher Freizeitgestaltung einladen.<\/p>\n<\/div><\/div>\n\n\n\n<div class=\"wp-block-media-text alignfull has-media-on-the-right is-stacked-on-mobile\"><div class=\"wp-block-media-text__content\">\n<p>Ein neues Highlight f\u00fcr Aubings Bewohner ist das Bergson Kunstkraftwerk. Kulturelle Erlebnisse und kulinarische Gen\u00fcsse locken Publikum aus ganz M\u00fcnchen und Umgebung an \u2013 f\u00fcr Sie gleich um die Ecke. Ein abwechslungsreiches Programm aus Konzerten, Ausstellungen, Vortr\u00e4gen und mehr bietet einen attraktiven Kulturmix in beeindruckender Atmosph\u00e4re. Im Restaurant l\u00e4sst sich gehobene Kochkunst genie\u00dfen, in der Bar trifft man sich gern auf einen Drink.<\/p>\n\n\n\n<p><\/p>\n<\/div><figure class=\"wp-block-media-text__media\"><img loading=\"lazy\" decoding=\"async\" width=\"1024\" height=\"682\" src=\"https:\/\/alto30.de\/mehrfamilienhaus\/wp-content\/uploads\/sites\/4\/2024\/10\/Biergarten_byGeorgStirnweiss-25-1024x682.jpg\" alt=\"\" class=\"wp-image-804 size-full\" srcset=\"https:\/\/alto30.de\/mehrfamilienhaus\/wp-content\/uploads\/sites\/4\/2024\/10\/Biergarten_byGeorgStirnweiss-25-1024x682.jpg 1024w, https:\/\/alto30.de\/mehrfamilienhaus\/wp-content\/uploads\/sites\/4\/2024\/10\/Biergarten_byGeorgStirnweiss-25-300x200.jpg 300w, https:\/\/alto30.de\/mehrfamilienhaus\/wp-content\/uploads\/sites\/4\/2024\/10\/Biergarten_byGeorgStirnweiss-25-768x512.jpg 768w, https:\/\/alto30.de\/mehrfamilienhaus\/wp-content\/uploads\/sites\/4\/2024\/10\/Biergarten_byGeorgStirnweiss-25-1536x1024.jpg 1536w, https:\/\/alto30.de\/mehrfamilienhaus\/wp-content\/uploads\/sites\/4\/2024\/10\/Biergarten_byGeorgStirnweiss-25.jpg 2000w\" sizes=\"(max-width: 1024px) 100vw, 1024px\" \/><\/figure><\/div>\n\n\n\n<div class=\"wp-block-ma-blocks-block-ma-section alignfull no_margin has-text-color has-background has-col-light-gray-color has-col-blau-background-color\"><div class=\"ma-section-content\">\n<div class=\"wp-block-columns is-layout-flex wp-container-core-columns-is-layout-1 wp-block-columns-is-layout-flex\">\n<div class=\"wp-block-column is-layout-flow wp-block-column-is-layout-flow\" style=\"flex-basis:20%\"><\/div>\n\n\n\n<div class=\"wp-block-column is-layout-flow wp-block-column-is-layout-flow\" style=\"flex-basis:60%\">\n<h1 class=\"wp-block-heading\">Wie immer k\u00f6nnen Sie auch bei diesem Projekt viel von uns erwarten<\/h1>\n\n\n\n<p>Insgesamt einen hohen Qualit\u00e4tsanspruch, ausgew\u00e4hlte Ausstattungsmaterialien, modernste Bautechnik, auch barrierefreies Wohnen, GEG Effizienzhaus, einen \u00f6kologischen Ansatz und nicht zuletzt eine \u00fcber Jahrzehnte bew\u00e4hrte und verl\u00e4ssliche Bauausf\u00fchrung aus dem Hause H\u00f6nninger.<\/p>\n\n\n\n<div class=\"wp-block-buttons is-layout-flex wp-block-buttons-is-layout-flex\">\n<div class=\"wp-block-button\"><a class=\"wp-block-button__link has-col-blau-color has-col-light-gray-background-color has-text-color has-background wp-element-button\" href=\"https:\/\/hoenninger.typeform.com\/wohnbau?typeform-source=alto30.de\" target=\"_blank\" rel=\"noreferrer noopener\"><strong>Anfragen<\/strong><\/a><\/div>\n<\/div>\n<\/div>\n\n\n\n<div class=\"wp-block-column is-layout-flow wp-block-column-is-layout-flow\" style=\"flex-basis:20%\"><\/div>\n<\/div>\n<\/div><\/div>\n\n\n\n<p><\/p>\n","protected":false},"excerpt":{"rendered":"<p>5 Reihenh\u00e4user Mehrfamilienhaus mit 11 Wohnungen Mehrfamilienhaus mit 11 Wohnungen Hier will ich wohnen Die naturnahe und familienfreundliche Lage Aubings liegt auf der Hand. Hinzu kommt die optimale Anbindung an die M\u00fcnchner Innenstadt: In ca. 20 Minuten sind Sie mit &hellip;<\/p>\n","protected":false},"author":3,"featured_media":0,"parent":0,"menu_order":0,"comment_status":"closed","ping_status":"closed","template":"","meta":{"wp_mapbox_gl_js_media":[],"footnotes":""},"class_list":["post-684","page","type-page","status-publish","hentry","post_content"],"_links":{"self":[{"href":"https:\/\/alto30.de\/mehrfamilienhaus\/wp-json\/wp\/v2\/pages\/684"}],"collection":[{"href":"https:\/\/alto30.de\/mehrfamilienhaus\/wp-json\/wp\/v2\/pages"}],"about":[{"href":"https:\/\/alto30.de\/mehrfamilienhaus\/wp-json\/wp\/v2\/types\/page"}],"author":[{"embeddable":true,"href":"https:\/\/alto30.de\/mehrfamilienhaus\/wp-json\/wp\/v2\/users\/3"}],"replies":[{"embeddable":true,"href":"https:\/\/alto30.de\/mehrfamilienhaus\/wp-json\/wp\/v2\/comments?post=684"}],"version-history":[{"count":10,"href":"https:\/\/alto30.de\/mehrfamilienhaus\/wp-json\/wp\/v2\/pages\/684\/revisions"}],"predecessor-version":[{"id":847,"href":"https:\/\/alto30.de\/mehrfamilienhaus\/wp-json\/wp\/v2\/pages\/684\/revisions\/847"}],"wp:attachment":[{"href":"https:\/\/alto30.de\/mehrfamilienhaus\/wp-json\/wp\/v2\/media?parent=684"}],"curies":[{"name":"wp","href":"https:\/\/api.w.org\/{rel}","templated":true}]}}