{"id":29,"date":"2018-03-12T14:35:55","date_gmt":"2018-03-12T13:35:55","guid":{"rendered":"http:\/\/2018.hoenninger-wohnbau.de\/test-loremstrasse\/?page_id=29"},"modified":"2020-06-09T10:59:32","modified_gmt":"2020-06-09T08:59:32","slug":"ueber-uns","status":"publish","type":"page","link":"https:\/\/alto30.de\/mehrfamilienhaus\/ueber-uns\/","title":{"rendered":"\u00dcber uns"},"content":{"rendered":"\n<div class=\"wp-block-ma-blocks-block-ma-section alignfull no_margin has-text-color has-background has-col-med-gray-color has-white-background-color\"><div class=\"ma-section-content\">\n<h1 class=\"has-col-med-gray-color has-text-color has-text-align-center wp-block-heading\"><strong>Gemeinsam stark<\/strong><\/h1>\n\n\n\n<p><\/p>\n<\/div><\/div>\n\n\n\n<div class=\"wp-block-media-text alignfull is-stacked-on-mobile\"><figure class=\"wp-block-media-text__media\"><img loading=\"lazy\" decoding=\"async\" width=\"1024\" height=\"875\" src=\"https:\/\/hoenninger-wohnbau.de\/wp-content\/uploads\/2020\/05\/Hoenninger-Wohnbau-Herrstrasse-1024x875.jpg\" alt=\"\" class=\"wp-image-438\" srcset=\"https:\/\/alto30.de\/mehrfamilienhaus\/wp-content\/uploads\/sites\/4\/2020\/05\/Hoenninger-Wohnbau-Herrstrasse-1024x875.jpg 1024w, https:\/\/alto30.de\/mehrfamilienhaus\/wp-content\/uploads\/sites\/4\/2020\/05\/Hoenninger-Wohnbau-Herrstrasse-300x256.jpg 300w, https:\/\/alto30.de\/mehrfamilienhaus\/wp-content\/uploads\/sites\/4\/2020\/05\/Hoenninger-Wohnbau-Herrstrasse-768x656.jpg 768w, https:\/\/alto30.de\/mehrfamilienhaus\/wp-content\/uploads\/sites\/4\/2020\/05\/Hoenninger-Wohnbau-Herrstrasse-1198x1024.jpg 1198w, https:\/\/alto30.de\/mehrfamilienhaus\/wp-content\/uploads\/sites\/4\/2020\/05\/Hoenninger-Wohnbau-Herrstrasse.jpg 1500w\" sizes=\"(max-width: 1024px) 100vw, 1024px\" \/><\/figure><div class=\"wp-block-media-text__content\">\n<p class=\"has-regular-font-size\"><strong>H\u00f6nninger Wohnbau<\/strong><br>Als Tochterunternehmen der Bauunternehmung E.H\u00f6nninger verf\u00fcgt die H\u00f6nninger Wohnbau GmbH \u00fcber hervorragende Kenntnisse des M\u00fcnchner Bau- und Immobilienmarktes und garantiert eine fachlich hochwertige und termingerechte Umsetzung Ihrer Bauma\u00dfnahme. Wir bieten eine \u00e4u\u00dferst individuelle Betreuung vom Abschluss des Kaufvertrages bis zur Abnahme. Unser Ziel sind zufriedene Eigent\u00fcmer, auch nach Ablauf der Gew\u00e4hrleistungszeit.<\/p>\n\n\n\n<div class=\"wp-block-buttons is-layout-flex wp-block-buttons-is-layout-flex\">\n<div class=\"wp-block-button\"><a class=\"wp-block-button__link has-text-color has-col-light-gray-color has-background has-col-blau-background-color no-border-radius\" href=\"https:\/\/hoenninger-wohnbau.de\/\" target=\"_blank\" rel=\"noreferrer noopener\">hoenninger-wohnbau.de<\/a><\/div>\n<\/div>\n<\/div><\/div>\n\n\n\n<div class=\"wp-block-media-text alignfull has-media-on-the-right is-stacked-on-mobile is-vertically-aligned-top is-image-fill\"><figure class=\"wp-block-media-text__media\" style=\"background-image:url(https:\/\/hoenninger-wohnbau.de\/wp-content\/uploads\/2020\/06\/Hoenninger_Vogesen3_Abend_Zaun-1024x1024.jpg);background-position:50% 50%\"><img loading=\"lazy\" decoding=\"async\" width=\"1024\" height=\"1024\" src=\"https:\/\/hoenninger-wohnbau.de\/wp-content\/uploads\/2020\/06\/Hoenninger_Vogesen3_Abend_Zaun-1024x1024.jpg\" alt=\"\" class=\"wp-image-543\" srcset=\"https:\/\/alto30.de\/mehrfamilienhaus\/wp-content\/uploads\/sites\/4\/2020\/06\/Hoenninger_Vogesen3_Abend_Zaun-1024x1024.jpg 1024w, https:\/\/alto30.de\/mehrfamilienhaus\/wp-content\/uploads\/sites\/4\/2020\/06\/Hoenninger_Vogesen3_Abend_Zaun-300x300.jpg 300w, https:\/\/alto30.de\/mehrfamilienhaus\/wp-content\/uploads\/sites\/4\/2020\/06\/Hoenninger_Vogesen3_Abend_Zaun-150x150.jpg 150w, https:\/\/alto30.de\/mehrfamilienhaus\/wp-content\/uploads\/sites\/4\/2020\/06\/Hoenninger_Vogesen3_Abend_Zaun-768x768.jpg 768w, https:\/\/alto30.de\/mehrfamilienhaus\/wp-content\/uploads\/sites\/4\/2020\/06\/Hoenninger_Vogesen3_Abend_Zaun.jpg 1500w\" sizes=\"(max-width: 1024px) 100vw, 1024px\" \/><\/figure><div class=\"wp-block-media-text__content\">\n<p class=\"has-regular-font-size\"><strong>IMMOVALERE<\/strong><br>IMMOVALERE ist ein unabh\u00e4ngiges und inhabergef\u00fchrtes M\u00fcnchener Unternehmen im Bereich der Immobilienprojektentwicklung. Chancen erkennen, kreative Ideen entwickeln und zielorientiert realisieren, ist die Triebfeder und Klammer des t\u00e4glichen Denkens und Handelns der IMMOVALERE.<br>Die Konzepte und Strategien beruhen immer auf einem ganzheitlichen und systematischen Ansatz und pr\u00e4sentieren sich als logische Verkn\u00fcpfung durch alle Handlungsebenen.<br>Unsere langj\u00e4hrige Erfahrung und die errungenen Kompetenzen helfen uns den Anspruch zu erf\u00fcllen, der sich in unserer t\u00e4glichen Arbeit stellt. Dabei steht der Qualit\u00e4tsbegriff immer an oberster Stelle und nur so gelingt es uns, best\u00e4ndige Werte zu schaffen sowie langfristig erfolgreich zu sein.<\/p>\n\n\n\n<p><\/p>\n\n\n\n<div class=\"wp-block-buttons is-layout-flex wp-block-buttons-is-layout-flex\">\n<div class=\"wp-block-button\"><a class=\"wp-block-button__link has-text-color has-white-color has-background has-col-blau-background-color no-border-radius\" href=\"https:\/\/www.immovalere.de\/\" target=\"_blank\" rel=\"noreferrer noopener\">immovalere.de<\/a><\/div>\n<\/div>\n<\/div><\/div>\n","protected":false},"excerpt":{"rendered":"","protected":false},"author":2,"featured_media":0,"parent":0,"menu_order":0,"comment_status":"closed","ping_status":"closed","template":"","meta":{"wp_mapbox_gl_js_media":[],"footnotes":""},"class_list":["post-29","page","type-page","status-publish","hentry","post_content"],"_links":{"self":[{"href":"https:\/\/alto30.de\/mehrfamilienhaus\/wp-json\/wp\/v2\/pages\/29"}],"collection":[{"href":"https:\/\/alto30.de\/mehrfamilienhaus\/wp-json\/wp\/v2\/pages"}],"about":[{"href":"https:\/\/alto30.de\/mehrfamilienhaus\/wp-json\/wp\/v2\/types\/page"}],"author":[{"embeddable":true,"href":"https:\/\/alto30.de\/mehrfamilienhaus\/wp-json\/wp\/v2\/users\/2"}],"replies":[{"embeddable":true,"href":"https:\/\/alto30.de\/mehrfamilienhaus\/wp-json\/wp\/v2\/comments?post=29"}],"version-history":[{"count":30,"href":"https:\/\/alto30.de\/mehrfamilienhaus\/wp-json\/wp\/v2\/pages\/29\/revisions"}],"predecessor-version":[{"id":544,"href":"https:\/\/alto30.de\/mehrfamilienhaus\/wp-json\/wp\/v2\/pages\/29\/revisions\/544"}],"wp:attachment":[{"href":"https:\/\/alto30.de\/mehrfamilienhaus\/wp-json\/wp\/v2\/media?parent=29"}],"curies":[{"name":"wp","href":"https:\/\/api.w.org\/{rel}","templated":true}]}}