{"id":4,"date":"2018-03-12T14:25:15","date_gmt":"2018-03-12T13:25:15","guid":{"rendered":"http:\/\/2018.hoenninger-wohnbau.de\/test-loremstrasse\/?page_id=4"},"modified":"2026-02-03T15:24:46","modified_gmt":"2026-02-03T14:24:46","slug":"start","status":"publish","type":"page","link":"https:\/\/alto30.de\/kapitalanleger\/","title":{"rendered":"Startseite Alto 30 Kapitalanleger"},"content":{"rendered":"\n<div class=\"wp-block-cover alignfull is-light\" style=\"min-height:750px;aspect-ratio:unset;\"><span aria-hidden=\"true\" class=\"wp-block-cover__background has-background-dim\"><\/span><img loading=\"lazy\" decoding=\"async\" width=\"2000\" height=\"1333\" class=\"wp-block-cover__image-background wp-image-669\" alt=\"\" src=\"https:\/\/alto30.de\/kapitalanleger\/wp-content\/uploads\/sites\/10\/2022\/10\/cam_aussen_002_web_1.jpg\" data-object-fit=\"cover\" srcset=\"https:\/\/alto30.de\/kapitalanleger\/wp-content\/uploads\/sites\/10\/2022\/10\/cam_aussen_002_web_1.jpg 2000w, https:\/\/alto30.de\/kapitalanleger\/wp-content\/uploads\/sites\/10\/2022\/10\/cam_aussen_002_web_1-300x200.jpg 300w, https:\/\/alto30.de\/kapitalanleger\/wp-content\/uploads\/sites\/10\/2022\/10\/cam_aussen_002_web_1-1024x682.jpg 1024w, https:\/\/alto30.de\/kapitalanleger\/wp-content\/uploads\/sites\/10\/2022\/10\/cam_aussen_002_web_1-768x512.jpg 768w, https:\/\/alto30.de\/kapitalanleger\/wp-content\/uploads\/sites\/10\/2022\/10\/cam_aussen_002_web_1-1536x1024.jpg 1536w\" sizes=\"(max-width: 2000px) 100vw, 2000px\" \/><div class=\"wp-block-cover__inner-container is-layout-flow wp-block-cover-is-layout-flow\">\n<a id=\"jetzt-kaufen\" href=\"#jetzt-kaufen\" style=\"position: absolute; top: 0; left:0; width:100%; display:block; text-align:center;\"><span style=\"background-color: #0060a8; color: #fff; font-size: 2.2em; padding: 0.2em 0.6em; box-sizing: border-box; display: inline-block;\">Jetzt kaufen, sp\u00e4ter zahlen<\/span><\/a>\n<style>\n@media screen and (max-width: 640px) {\n#jetzt-kaufen { font-size: 0.7em; }\n}\n@media screen and (max-width: 420px) {\n#jetzt-kaufen { font-size: 0.55em; position: relative !important;}\n}\n<\/style>\n\n\n<div class=\"wp-block-image is-resized\">\n<figure class=\"aligncenter size-full\"><img loading=\"lazy\" decoding=\"async\" width=\"353\" height=\"363\" src=\"https:\/\/alto30.de\/kapitalanleger\/wp-content\/uploads\/sites\/10\/2024\/10\/Aubing-Wappennachbau_v03-3.png\" alt=\"\" class=\"wp-image-706\" style=\"width:201px\" srcset=\"https:\/\/alto30.de\/kapitalanleger\/wp-content\/uploads\/sites\/10\/2024\/10\/Aubing-Wappennachbau_v03-3.png 353w, https:\/\/alto30.de\/kapitalanleger\/wp-content\/uploads\/sites\/10\/2024\/10\/Aubing-Wappennachbau_v03-3-292x300.png 292w\" sizes=\"(max-width: 353px) 100vw, 353px\" \/><\/figure><\/div>\n\n\n<p class=\"has-text-align-center has-white-75-color has-text-color has-link-color wp-elements-25c4e25c0631268aafe137a59dd39574\" style=\"font-size:24px\"><strong>Provisionsfrei direkt vom Bautr\u00e4ger<\/strong><\/p>\n\n\n\n<h1 class=\"wp-block-heading has-text-align-center has-white-75-color has-text-color has-link-color wp-elements-f2c4da8554e0532660590615d205d1c2\" style=\"font-size:36px\"><strong>Kapitalanlage in M\u00fcnchen-Aubing: Energieeffiziente Neubauwohnungen mit stabiler Vermietbarkeit und Wertsteigerung <\/strong><\/h1>\n\n\n\n<div class=\"wp-block-buttons is-content-justification-center is-layout-flex wp-container-core-buttons-is-layout-1 wp-block-buttons-is-layout-flex\">\n<div class=\"wp-block-button\"><a class=\"wp-block-button__link has-col-blau-background-color has-background wp-element-button\" href=\"https:\/\/alto30.de\/kapitalanleger\/formular-aubing\/\"><strong>Investoren-Expos\u00e9 anfordern<\/strong><\/a><\/div>\n<\/div>\n<\/div><\/div>\n\n\n\n<div class=\"wp-block-ma-blocks-block-ma-section alignfull no_margin has-text-color has-background has-col-light-gray-color has-col-blau-background-color\"><div class=\"ma-section-content\">\n<div class=\"wp-block-columns is-layout-flex wp-container-core-columns-is-layout-1 wp-block-columns-is-layout-flex\">\n<div class=\"wp-block-column is-layout-flow wp-block-column-is-layout-flow\" style=\"flex-basis:20%\"><\/div>\n\n\n\n<div class=\"wp-block-column is-layout-flow wp-block-column-is-layout-flow\" style=\"flex-basis:60%\">\n<h1 class=\"wp-block-heading has-text-align-center\" style=\"font-size:26px\">Sichern Sie sich heute eine hochwertige Eigentumswohnung in Alt-Aubing \u2013 mit zukunftssicherer Bauweise, starker Lage und idealen Voraussetzungen f\u00fcr langfristigen Verm\u00f6gensaufbau.<\/h1>\n<\/div>\n\n\n\n<div class=\"wp-block-column is-layout-flow wp-block-column-is-layout-flow\" style=\"flex-basis:20%\"><\/div>\n<\/div>\n<\/div><\/div>\n\n\n\n<div class=\"wp-block-media-text alignfull has-media-on-the-right is-stacked-on-mobile is-image-fill\"><div class=\"wp-block-media-text__content\">\n<p class=\"has-col-blau-color has-text-color has-large-font-size\"><strong><strong>Historisches Wohnen in Aubing: L\u00e4ndlicher Charme mit bester Anbindung an M\u00fcnchen.<\/strong><\/strong><\/p>\n\n\n\n<p style=\"font-size:18px\">In ALTO30 entstehen 22 exklusive Eigentumswohnungen im historischen Ortskern von M\u00fcnchen-Aubing. Der Standort verbindet l\u00e4ndlichen Charme mit bester Anbindung an die M\u00fcnchner Innenstadt. Die energieeffiziente Bauweise nach GEG 40 EE, moderne Technik und eine durchdachte Architektur machen das Projekt besonders attraktiv f\u00fcr Kapitalanleger, die auf Sicherheit, Vermietbarkeit und Werterhalt setzen.<\/p>\n\n\n\n<div class=\"wp-block-buttons is-layout-flex wp-block-buttons-is-layout-flex\">\n<div class=\"wp-block-button\"><a class=\"wp-block-button__link has-col-blau-background-color has-background wp-element-button\" href=\"https:\/\/alto30.de\/kapitalanleger\/formular-aubing\/\"><strong>Investoren-Expos\u00e9 anfordern<\/strong><\/a><\/div>\n<\/div>\n<\/div><figure class=\"wp-block-media-text__media\" style=\"background-image:url(https:\/\/alto30.de\/reihenhaus\/wp-content\/uploads\/sites\/5\/2022\/10\/cam_drohne_001_web_1-1024x767.jpg);background-position:50% 50%\"><img decoding=\"async\" src=\"https:\/\/alto30.de\/reihenhaus\/wp-content\/uploads\/sites\/5\/2022\/10\/cam_drohne_001_web_1-1024x767.jpg\" alt=\"\" class=\"wp-image-699 size-full\"\/><\/figure><\/div>\n\n\n\n<div class=\"wp-block-media-text alignfull is-stacked-on-mobile\"><figure class=\"wp-block-media-text__media\"><img loading=\"lazy\" decoding=\"async\" width=\"1024\" height=\"682\" src=\"https:\/\/alto30.de\/kapitalanleger\/wp-content\/uploads\/sites\/10\/2022\/10\/cam_innen_H2.W03.E04_web_1-1024x682.jpg\" alt=\"\" class=\"wp-image-675 size-full\" srcset=\"https:\/\/alto30.de\/kapitalanleger\/wp-content\/uploads\/sites\/10\/2022\/10\/cam_innen_H2.W03.E04_web_1-1024x682.jpg 1024w, https:\/\/alto30.de\/kapitalanleger\/wp-content\/uploads\/sites\/10\/2022\/10\/cam_innen_H2.W03.E04_web_1-300x200.jpg 300w, https:\/\/alto30.de\/kapitalanleger\/wp-content\/uploads\/sites\/10\/2022\/10\/cam_innen_H2.W03.E04_web_1-768x512.jpg 768w, https:\/\/alto30.de\/kapitalanleger\/wp-content\/uploads\/sites\/10\/2022\/10\/cam_innen_H2.W03.E04_web_1-1536x1024.jpg 1536w, https:\/\/alto30.de\/kapitalanleger\/wp-content\/uploads\/sites\/10\/2022\/10\/cam_innen_H2.W03.E04_web_1.jpg 2000w\" sizes=\"(max-width: 1024px) 100vw, 1024px\" \/><\/figure><div class=\"wp-block-media-text__content\">\n<p class=\"has-col-blau-color has-text-color has-large-font-size\"><strong>22 energieeffiziente Eigentumswohnungen mit Tiefgarage<\/strong><\/p>\n\n\n\n<p style=\"font-size:18px\">ALTO30 steht f\u00fcr zeitgem\u00e4\u00dfes Wohnen in einer der spannendsten Lagen im M\u00fcnchner Westen. Auf einem ruhig gelegenen Grundst\u00fcck im historischen Ortskern von Aubing entstehen 22 hochwertige 2- bis 4-Zimmer-Eigentumswohnungen mit Fl\u00e4chen von ca. 40 bis 200 m\u00b2.<br><br>Erdgeschosswohnungen mit Privatg\u00e4rten, gro\u00dfz\u00fcgige Obergeschoss-Wohnungen und Dachgeschosswohnungen mit beeindruckenden Emporen sprechen ein breites Mieterklientel an \u2013 von Singles und Paaren bis hin zu Familien.<br><br>F\u00fcr Kapitalanleger bedeutet das: ein durchdachtes Wohnkonzept, vielseitige Vermietungschancen und ein hohes Ma\u00df an Zukunftssicherheit.<\/p>\n\n\n\n<div class=\"wp-block-buttons is-layout-flex wp-block-buttons-is-layout-flex\">\n<div class=\"wp-block-button\"><a class=\"wp-block-button__link has-col-blau-background-color has-background wp-element-button\" href=\"https:\/\/alto30.de\/kapitalanleger\/formular-aubing\/\"><strong>Beratungstermin sichern<\/strong><\/a><\/div>\n<\/div>\n<\/div><\/div>\n\n\n\n<div class=\"wp-block-media-text alignfull has-media-on-the-right is-stacked-on-mobile\"><div class=\"wp-block-media-text__content\">\n<p class=\"has-col-blau-color has-text-color has-large-font-size\"><strong><strong>M\u00fcnchen-Aubing: gewachsener Ortskern, starke Anbindung, hohe Lebensqualit\u00e4t<\/strong><\/strong><\/p>\n\n\n\n<p style=\"font-size:18px\">Aubing vereint naturnahe Idylle mit der Infrastruktur einer Metropole. Der historische Ortskern mit Pfarrkirche, Aubinger Wasserturm und gem\u00fctlichen Pl\u00e4tzen vermittelt l\u00e4ndlichen Charme \u2013 gleichzeitig sind Sie per S-Bahn in rund 20 Minuten am Marienplatz, und Pasing mit den Pasing Arcaden ist schnell erreichbar.<br><br>Das Erholungsgebiet Aubinger Lohe, der Langwieder See und weitere Gr\u00fcnfl\u00e4chen liegen in komfortabler N\u00e4he und erh\u00f6hen die Wohn- und Freizeitqualit\u00e4t zus\u00e4tzlich. Kulturell setzt das Bergson Kunstkraftwerk Akzente mit Konzerten, Ausstellungen und gehobener Gastronomie.<br>F\u00fcr Kapitalanleger bedeutet diese Kombination: ein Standort, der von Mietern gesch\u00e4tzt wird \u2013 und damit beste Voraussetzungen f\u00fcr stabile Mieteinnahmen und nachhaltigen Werterhalt.<\/p>\n\n\n\n<div class=\"wp-block-buttons is-layout-flex wp-block-buttons-is-layout-flex\">\n<div class=\"wp-block-button\"><a class=\"wp-block-button__link has-col-blau-background-color has-background wp-element-button\" href=\"https:\/\/alto30.de\/kapitalanleger\/formular-aubing\/\"><strong>Investoren-Expos\u00e9 anfordern<\/strong><\/a><\/div>\n<\/div>\n<\/div><figure class=\"wp-block-media-text__media\"><img loading=\"lazy\" decoding=\"async\" width=\"1024\" height=\"683\" src=\"https:\/\/alto30.de\/kapitalanleger\/wp-content\/uploads\/sites\/10\/2024\/11\/cam_aussen_003_final-1024x683.jpg\" alt=\"\" class=\"wp-image-753 size-full\" srcset=\"https:\/\/alto30.de\/kapitalanleger\/wp-content\/uploads\/sites\/10\/2024\/11\/cam_aussen_003_final-1024x683.jpg 1024w, https:\/\/alto30.de\/kapitalanleger\/wp-content\/uploads\/sites\/10\/2024\/11\/cam_aussen_003_final-300x200.jpg 300w, https:\/\/alto30.de\/kapitalanleger\/wp-content\/uploads\/sites\/10\/2024\/11\/cam_aussen_003_final-768x512.jpg 768w, https:\/\/alto30.de\/kapitalanleger\/wp-content\/uploads\/sites\/10\/2024\/11\/cam_aussen_003_final-1536x1024.jpg 1536w, https:\/\/alto30.de\/kapitalanleger\/wp-content\/uploads\/sites\/10\/2024\/11\/cam_aussen_003_final-2048x1366.jpg 2048w\" sizes=\"(max-width: 1024px) 100vw, 1024px\" \/><\/figure><\/div>\n\n\n\n<div class=\"wp-block-media-text alignfull is-stacked-on-mobile\" id=\"jetzt-kaufen\"><figure class=\"wp-block-media-text__media\"><img loading=\"lazy\" decoding=\"async\" width=\"1024\" height=\"682\" src=\"https:\/\/alto30.de\/kapitalanleger\/wp-content\/uploads\/sites\/10\/2022\/10\/cam_aussen_002_web_1-1024x682.jpg\" alt=\"\" class=\"wp-image-669 size-full\" srcset=\"https:\/\/alto30.de\/kapitalanleger\/wp-content\/uploads\/sites\/10\/2022\/10\/cam_aussen_002_web_1-1024x682.jpg 1024w, https:\/\/alto30.de\/kapitalanleger\/wp-content\/uploads\/sites\/10\/2022\/10\/cam_aussen_002_web_1-300x200.jpg 300w, https:\/\/alto30.de\/kapitalanleger\/wp-content\/uploads\/sites\/10\/2022\/10\/cam_aussen_002_web_1-768x512.jpg 768w, https:\/\/alto30.de\/kapitalanleger\/wp-content\/uploads\/sites\/10\/2022\/10\/cam_aussen_002_web_1-1536x1024.jpg 1536w, https:\/\/alto30.de\/kapitalanleger\/wp-content\/uploads\/sites\/10\/2022\/10\/cam_aussen_002_web_1.jpg 2000w\" sizes=\"(max-width: 1024px) 100vw, 1024px\" \/><\/figure><div class=\"wp-block-media-text__content\">\n<p class=\"has-col-blau-color has-text-color has-large-font-size\"><strong>Warum ALTO30 f\u00fcr Kapitalanleger besonders attraktiv ist<\/strong><\/p>\n\n\n\n<p style=\"font-size:18px\">Die Lage im M\u00fcnchner Stadtgebiet, die gute Anbindung und die hohe Wohnqualit\u00e4t f\u00fchren zu einer breiten Nachfrage bei solventen Mietern. Der Wohnungsmix \u2013 von kompakten 2-Zimmer-Wohnungen bis hin zu familiengeeigneten Einheiten \u2013 erm\u00f6glicht eine differenzierte Vermietungsstrategie und spricht unterschiedliche Zielgruppen nachhaltig an, wodurch eine stabile Auslastung und langfristige Mieterbindung unterst\u00fctzt werden.<br><br>F\u00fcr Sie als Anleger hei\u00dft das: attraktive, marktgerechte Mieten, geringe Leerstandsrisiken und ein Standort, der auch langfristig gefragt bleiben d\u00fcrfte.<\/p>\n\n\n\n<div class=\"wp-block-buttons is-layout-flex wp-block-buttons-is-layout-flex\">\n<div class=\"wp-block-button\"><a class=\"wp-block-button__link has-col-blau-background-color has-background wp-element-button\" href=\"https:\/\/alto30.de\/kapitalanleger\/formular-aubing\/\"><strong>Investoren-Expos\u00e9 anfordern<\/strong><\/a><\/div>\n<\/div>\n<\/div><\/div>\n\n\n\n<div class=\"wp-block-ma-blocks-block-ma-section alignfull\"><div class=\"ma-section-content\">\n<div class=\"wp-block-group\"><div class=\"wp-block-group__inner-container is-layout-constrained wp-block-group-is-layout-constrained\">\n<details class=\"wp-block-details is-layout-flow wp-block-details-is-layout-flow\"><summary>An wen kann ich die Wohnungen sp\u00e4ter gut vermieten?<\/summary>\n<p>Die Lage in M\u00fcnchen-Aubing, die gute Anbindung, die N\u00e4he zu Gr\u00fcnfl\u00e4chen und die moderne Ausstattung sprechen vor allem berufst\u00e4tige Singles und Paare, junge Familien sowie Pendler an. Der Wohnungsmix in ALTO30 ist bewusst so geplant, dass unterschiedliche Mietergruppen angesprochen werden \u2013 ein wichtiger Baustein f\u00fcr eine langfristig solide Vermietung.<\/p>\n\n\n<\/details>\n\n\n\n<details class=\"wp-block-details is-layout-flow wp-block-details-is-layout-flow\"><summary>Wer k\u00fcmmert sich um die Verwaltung der Immobilie?<\/summary>\n<p>Die Verwaltung der Gemeinschaftsanlagen \u00fcbernimmt eine professionelle Hausverwaltung. F\u00fcr die Vermietung Ihrer Einheit k\u00f6nnen Sie entweder selbst aktiv werden oder \u2013 je nach Wunsch \u2013 \u00fcber externe Dienstleister Unterst\u00fctzung bei Vermietung und Mietersuche in Anspruch nehmen. Gerne empfehlen wir Ihnen auf Wunsch entsprechende Partner.<\/p>\n\n\n<\/details>\n\n\n\n<details class=\"wp-block-details is-layout-flow wp-block-details-is-layout-flow\"><summary>Welche Risiken bestehen bei einer Kapitalanlage in ALTO30?<\/summary>\n<p>Wie jede Immobilieninvestition ist auch der Erwerb einer Wohnung in ALTO30 mit allgemeinen Marktrisiken (z. B. Zinsentwicklung, Mietmarkt, gesetzliche Rahmenbedingungen) verbunden. Durch die energieeffiziente Bauweise, den Standort im M\u00fcnchner Stadtgebiet und die hohe Bauqualit\u00e4t werden jedoch zentrale Objekt- und Sanierungsrisiken reduziert. Eine individuelle Risikoabw\u00e4gung im Gespr\u00e4ch mit Ihrem Finanz- und Steuerberater ist sinnvoll.<\/p>\n\n\n<\/details>\n\n\n\n<details class=\"wp-block-details is-layout-flow wp-block-details-is-layout-flow\"><summary>Wie l\u00e4uft der Kaufprozess ab?<\/summary>\n<p>Nach Ihrer Anfrage erhalten Sie unser ausf\u00fchrliches Expos\u00e9 und \u2013 falls gew\u00fcnscht \u2013 eine erste Musterkalkulation. In einem pers\u00f6nlichen Beratungsgespr\u00e4ch kl\u00e4ren wir Ihre Fragen und pr\u00fcfen gemeinsam, welche Einheit zu Ihren Zielen passt. Anschlie\u00dfend erfolgt die Reservierung und Vorbereitung des Notartermins. Nach Beurkundung und gem\u00e4\u00df Zahlungsplan begleichen Sie die Kaufpreisraten \u2013 bei ALTO30 besteht die M\u00f6glichkeit, erst bei Bezugsfertigkeit zu zahlen. Die genaue Ausgestaltung erl\u00e4utern wir Ihnen im Detail.<\/p>\n\n\n<\/details>\n\n\n\n<details class=\"wp-block-details is-layout-flow wp-block-details-is-layout-flow\"><summary>Was passiert, wenn sich mein Finanzierungsspielraum \u00e4ndert?<\/summary>\n<p>Sollten sich Ihre Rahmenbedingungen \u00e4ndern, sprechen Sie uns bitte fr\u00fchzeitig an. Gemeinsam mit Ihnen und Ihrem Finanzierungspartner pr\u00fcfen wir m\u00f6gliche L\u00f6sungen. Grunds\u00e4tzlich empfiehlt es sich, die Finanzierung bereits vor Reservierung einer Einheit mit Ihrer Bank abzustimmen, um Planungssicherheit zu haben.<\/p>\n\n\n<\/details>\n\n\n\n<details class=\"wp-block-details is-layout-flow wp-block-details-is-layout-flow\"><summary>Gibt es Unterst\u00fctzung bei der Finanzierung?<\/summary>\n<p>Wir arbeiten mit verschiedenen Finanzierungspartnern zusammen und k\u00f6nnen den Kontakt zu Beratern herstellen, die Erfahrung mit Kapitalanlageimmobilien haben. Die Konditionen und Vertr\u00e4ge schlie\u00dfen Sie direkt mit Ihrer Bank oder Ihrem Finanzierungspartner ab.<\/p>\n\n\n<\/details>\n\n\n\n<details class=\"wp-block-details is-layout-flow wp-block-details-is-layout-flow\"><summary>Wie lange gilt die degressive Abschreibung f\u00fcr Immobilien?<\/summary>\n<p>Die Anwendung der degressiven AfA ist f\u00fcr alle Erwerber sowie Ersteller von wohnwirtschaftlichen Neubauimmobilien bis zur vollst\u00e4ndigen Abschreibung der Immobilie m\u00f6glich. Ma\u00dfgeblich ist, dass der Baubeginn oder Erwerb zwischen dem 01.10.2023 und dem 30.09.2029 liegen. Nach einigen Jahren kann es g\u00fcnstiger sein wieder zur linearen AfA von 3 % zu wechseln.<\/p>\n\n\n<\/details>\n\n\n\n<details class=\"wp-block-details is-layout-flow wp-block-details-is-layout-flow\"><summary>Wie hoch ist die degressive AfA?<\/summary>\n<p>F\u00fcr die degressive Abschreibung ist ein Prozentsatz von 5 % vorgesehen. Damit ist sie deutlich h\u00f6her, als die lineare AfA, mit der aktuell 3 % der Investitionssumme abgeschneben werden k\u00f6nnen.<\/p>\n\n\n<\/details>\n\n\n\n<details class=\"wp-block-details is-layout-flow wp-block-details-is-layout-flow\"><summary>Wo ist die degressive Abschreibung gesetzlich geregelt?<\/summary>\n<p>Die AfA ist im \u00a77 Abs 5 FstG geregelt. Am 22. M\u00e4rz 2024 wurde das Wachstumschancengesetzt im Bundesrat verabschiedet.<\/p>\n\n\n<\/details>\n\n\n\n<details class=\"wp-block-details is-layout-flow wp-block-details-is-layout-flow\"><summary>Ist ein Wechsel zwischen degressiver und linearer Abschreibung m\u00f6glich?<\/summary>\n<p>Ja, es wird m\u00f6glich sein, von der degressiven AfA zu einer linearen Abschreibung zu wechseln.<\/p>\n\n\n<\/details>\n<\/div><\/div>\n<\/div><\/div>\n\n\n\n<div class=\"wp-block-media-text alignfull has-media-on-the-right is-stacked-on-mobile\" id=\"jetzt-kaufen\"><div class=\"wp-block-media-text__content\">\n<p class=\"has-col-blau-color has-text-color has-large-font-size\"><strong>Der n\u00e4chste Schritt: Zahlen, Daten und Einheiten\u00fcbersicht im Investoren-Expos\u00e9<\/strong><\/p>\n\n\n\n<p style=\"font-size:18px\">Sie m\u00f6chten genau wissen, welche Wohnungstypen verf\u00fcgbar sind, wie sich unterschiedliche Finanzierungsszenarien auswirken und welches Renditepotenzial ALTO30 f\u00fcr Sie pers\u00f6nlich bietet?<br><br><strong>Fordern Sie jetzt unverbindlich unser Investoren-Expos\u00e9 an. Darin finden Sie:<br><\/strong>\u2022 detaillierte Grundrisse und Ausstattungsmerkmale,<br>\u2022 alle wichtigen Kennzahlen und Eckdaten,<br>\u2022 Informationen zum Standort, zur Vermietbarkeit und zum Projektablauf.<br><br>Auf Wunsch vereinbaren wir im Anschluss ein pers\u00f6nliches Beratungsgespr\u00e4ch \u2013 telefonisch, online oder vor Ort \u2013 und entwickeln gemeinsam mit Ihnen die passende Investitionsstrategie.<\/p>\n\n\n\n<div class=\"wp-block-buttons is-layout-flex wp-block-buttons-is-layout-flex\">\n<div class=\"wp-block-button\"><a class=\"wp-block-button__link has-col-blau-background-color has-background wp-element-button\" href=\"https:\/\/alto30.de\/kapitalanleger\/formular-aubing\/\"><strong>Investoren-Expos\u00e9 anfordern<\/strong><\/a><\/div>\n<\/div>\n<\/div><figure class=\"wp-block-media-text__media\"><img loading=\"lazy\" decoding=\"async\" width=\"1024\" height=\"683\" src=\"https:\/\/alto30.de\/kapitalanleger\/wp-content\/uploads\/sites\/10\/2022\/06\/Altos30_Drohnenbild_High-Detail_isoliert_final-1024x683.jpg\" alt=\"\" class=\"wp-image-625 size-full\" srcset=\"https:\/\/alto30.de\/kapitalanleger\/wp-content\/uploads\/sites\/10\/2022\/06\/Altos30_Drohnenbild_High-Detail_isoliert_final-1024x683.jpg 1024w, https:\/\/alto30.de\/kapitalanleger\/wp-content\/uploads\/sites\/10\/2022\/06\/Altos30_Drohnenbild_High-Detail_isoliert_final-300x200.jpg 300w, https:\/\/alto30.de\/kapitalanleger\/wp-content\/uploads\/sites\/10\/2022\/06\/Altos30_Drohnenbild_High-Detail_isoliert_final-768x512.jpg 768w, https:\/\/alto30.de\/kapitalanleger\/wp-content\/uploads\/sites\/10\/2022\/06\/Altos30_Drohnenbild_High-Detail_isoliert_final-1536x1024.jpg 1536w, https:\/\/alto30.de\/kapitalanleger\/wp-content\/uploads\/sites\/10\/2022\/06\/Altos30_Drohnenbild_High-Detail_isoliert_final-2048x1365.jpg 2048w\" sizes=\"(max-width: 1024px) 100vw, 1024px\" \/><\/figure><\/div>\n\n\n\n<div class=\"wp-block-ma-blocks-block-ma-section alignfull no_margin has-text-color has-background has-col-light-gray-color has-col-blau-background-color\"><div class=\"ma-section-content\">\n<div class=\"wp-block-columns is-layout-flex wp-container-core-columns-is-layout-2 wp-block-columns-is-layout-flex\">\n<div class=\"wp-block-column is-layout-flow wp-block-column-is-layout-flow\" style=\"flex-basis:20%\"><\/div>\n\n\n\n<div class=\"wp-block-column is-layout-flow wp-block-column-is-layout-flow\" style=\"flex-basis:60%\">\n<h1 class=\"wp-block-heading\">Wie immer k\u00f6nnen Sie auch bei diesem Projekt viel von uns erwarten<\/h1>\n\n\n\n<p style=\"font-size:18px\">Insgesamt einen hohen Qualit\u00e4tsanspruch, ausgew\u00e4hlte Ausstattungsmaterialien, modernste Bautechnik, auch barrierefreies Wohnen, GEG Effizienzhaus, einen \u00f6kologischen Ansatz und nicht zuletzt eine \u00fcber Jahrzehnte bew\u00e4hrte und verl\u00e4ssliche Bauausf\u00fchrung aus dem Hause H\u00f6nninger.<\/p>\n\n\n\n<div class=\"wp-block-buttons is-layout-flex wp-block-buttons-is-layout-flex\">\n<div class=\"wp-block-button\"><a class=\"wp-block-button__link has-col-blau-color has-col-light-gray-background-color has-text-color has-background wp-element-button\" href=\"https:\/\/alto30.de\/kapitalanleger\/formular-aubing\/\"><strong>Direktzugang zum Expos\u00e9<\/strong><\/a><\/div>\n<\/div>\n<\/div>\n\n\n\n<div class=\"wp-block-column is-layout-flow wp-block-column-is-layout-flow\" style=\"flex-basis:20%\"><\/div>\n<\/div>\n<\/div><\/div>\n\n\n\n<p><\/p>\n","protected":false},"excerpt":{"rendered":"","protected":false},"author":2,"featured_media":0,"parent":0,"menu_order":0,"comment_status":"closed","ping_status":"closed","template":"","meta":{"wp_mapbox_gl_js_media":[],"footnotes":""},"class_list":["post-4","page","type-page","status-publish","hentry","post_content"],"_links":{"self":[{"href":"https:\/\/alto30.de\/kapitalanleger\/wp-json\/wp\/v2\/pages\/4"}],"collection":[{"href":"https:\/\/alto30.de\/kapitalanleger\/wp-json\/wp\/v2\/pages"}],"about":[{"href":"https:\/\/alto30.de\/kapitalanleger\/wp-json\/wp\/v2\/types\/page"}],"author":[{"embeddable":true,"href":"https:\/\/alto30.de\/kapitalanleger\/wp-json\/wp\/v2\/users\/2"}],"replies":[{"embeddable":true,"href":"https:\/\/alto30.de\/kapitalanleger\/wp-json\/wp\/v2\/comments?post=4"}],"version-history":[{"count":161,"href":"https:\/\/alto30.de\/kapitalanleger\/wp-json\/wp\/v2\/pages\/4\/revisions"}],"predecessor-version":[{"id":849,"href":"https:\/\/alto30.de\/kapitalanleger\/wp-json\/wp\/v2\/pages\/4\/revisions\/849"}],"wp:attachment":[{"href":"https:\/\/alto30.de\/kapitalanleger\/wp-json\/wp\/v2\/media?parent=4"}],"curies":[{"name":"wp","href":"https:\/\/api.w.org\/{rel}","templated":true}]}}