{"id":167,"date":"2019-07-24T10:06:53","date_gmt":"2019-07-24T08:06:53","guid":{"rendered":"https:\/\/alto30.de\/kapitalanleger\/?page_id=167"},"modified":"2021-03-10T17:30:07","modified_gmt":"2021-03-10T16:30:07","slug":"datenschutz","status":"publish","type":"page","link":"https:\/\/alto30.de\/kapitalanleger\/datenschutz\/","title":{"rendered":"Datenschutz"},"content":{"rendered":"\n<h1 class=\"wp-block-heading\">Datenschutzerkl\u00e4rung<\/h1>\n\n\n\n<p>Die H\u00f6nninger Wohnbau GmbH, Siriusstra\u00dfe 15, 85614 Kirchseeon freut sich \u00fcber Ihren Besuch auf ihren Webseiten sowie \u00fcber Ihr Interesse an der H\u00f6nninger Wohnbau GmbH und ihren Dienstleistungen. Datenschutz ist f\u00fcr uns mehr als ein Lippenbekenntnis, deshalb nehmen wir den Schutz Ihrer personenbezogenen Daten sehr ernst und gehen mit Ihren Daten sehr sorgf\u00e4ltig und vertraulich um. Die aktuellen datenschutzrechtlichen Bestimmungen insbesondere der Datenschutz-Grundverordnung (DS-GVO) und des Bundesdatenschutzgesetzes (BDSG) sind f\u00fcr uns oberste Handlungspr\u00e4misse.<\/p>\n\n\n\n<p><strong>Gemeinsame Verantwortlichkeit<\/strong><br>Verantwortlich im Sinne der DS-GVO f\u00fcr die Verarbeitung von personenbezogenen Daten ist die H\u00f6nninger Wohnbau GmbH.<\/p>\n\n\n\n<p><strong>Besuch unserer Website<br><\/strong>Wenn Sie unsere Webseiten besuchen, erhalten wir von Ihrer EDV Ihre vollst\u00e4ndige IP-Adresse. Nur mit dieser IP-Adresse k\u00f6nnen wir Ihnen die Daten unserer Webseite \u00fcbertragen, damit die Webseite Ihnen angezeigt wird (Art. 6 (1) b) und f) DS-GVO). Die vor\u00fcbergehende Speicherung der IP-Adresse durch das System ist notwendig, um eine Auslieferung der Website an Ihren Rechner zu erm\u00f6glichen. Hierf\u00fcr kann Ihre IP-Adresse f\u00fcr die Dauer der Sitzung gespeichert bleiben m\u00fcssen. Da Sie die Webseite angefordert haben, liegt dies im gemeinsamen berechtigten Interesse.<\/p>\n\n\n\n<p>Die von uns genutzten Webserver speichern Ihre IP-Adresse zusammen mit Referrer, Datum, Uhrzeit der Anforderung, die vom anfordernden Rechner gew\u00fcnschte Zugriffsmethode\/Funktion, vom anfordernden Rechner \u00fcbermittelte Eingabewerte (Dateiname), der Zugriffstatus des Web-Servers (Datei \u00fcbertragen, Datei nicht gefunden, Kommando nicht ausgef\u00fchrt, etc.), Name der angeforderten Datei, sowie Ihre Browser- und Betriebssystemversion f\u00fcr maximal 14 Tage. Dies dient der Aufdeckung und Abwehr von Angriffen auf die IT-Sicherheit. Die Daten werden dar\u00fcber hinaus nicht weiter verwendet. Rechtsgrundlage ist Art. 6 (1) f) DS-GVO). Unser berechtigtes Interesse liegt in der Aufrechterhaltung unseres Dienstes und der Verfolgung von Angriffen.<\/p>\n\n\n\n<p>Eine Widerspruchsm\u00f6glichkeit besteht nicht, da diese Vorg\u00e4nge zum Betrieb der Webseite zwingend erforderlich sind. Bitte besuchen Sie unsere Seite nicht, wenn Sie widersprechen m\u00f6chten.\u2028Unser Webserver wird in unserem Auftrag betrieben von Host Europe GmbH, Hansestrasse 111 in 51149 K\u00f6ln, als Empf\u00e4nger Ihrer Datenanforderungen.<\/p>\n\n\n\n<p><strong>Kontaktformular<\/strong><br>Bei Nutzung des Kontaktformulars werden die dort aufgef\u00fchrten Informationen (Vorname, Nachname, Firma, E-Mail, Telefon und Adresse an uns \u00fcbermittelt und gespeichert. Zus\u00e4tzlich werden Datum und Uhrzeit gespeichert.<\/p>\n\n\n\n<p>Wir nutzen die Daten ausschlie\u00dflich zur Beantwortung Ihrer Anfrage sowie, sollte sich die Anfrage auf ein Vertragsverh\u00e4ltnis beziehen oder hieraus ein Vertragsverh\u00e4ltnis entstehen oder zur Anbahnung und Abwicklung des Vertragsverh\u00e4ltnisses (Art. 6 (1) a), b), f) DSGVO). Unser berechtigtes Interesse liegt in der Beantwortung Ihrer Anfrage. Soweit Sie bereits unser Kunde sind oder in Zukunft werden, d\u00fcrfen wir die Daten zur Begr\u00fcndung, Durchf\u00fchrung oder Beendigung des Vertragsverh\u00e4ltnisses erheben, speichern, ver\u00e4ndern und \u00fcbermitteln, ohne dass es Ihrer Einwilligung bedarf (Art. 6 (1) b) DSGVO) und solange uns dies das Gesetz erlaubt. In anderen F\u00e4llen, also auch, solange das Vertragsverh\u00e4ltnis noch nicht zu Stande gekommen ist, speichern wir Ihre Daten nur solange, wie wir noch davon ausgehen, dass dies zur Kommunikation mit Ihnen noch erforderlich sein kann. Bei nicht vertragsbezogenen Anfragen l\u00f6schen wir dies nach einigen Monaten, wenn der Kontakt einmalig war und keine weitere Kommunikation in der Sache zu erwarten ist sowie keine gesetzlichen Aufbewahrungspflichten bestehen. Ihnen steht ein Recht zum Widerspruch bez\u00fcglich der mit Ihrer Einwilligung uns \u00fcber das Kontaktformular \u00fcbermittelten Daten mit Wirkung f\u00fcr die Zukunft zu. Ihr Widerrufsrecht \u00fcben Sie durch Mitteilung an unsere Kontaktdaten gem\u00e4\u00df Impressum aus.<\/p>\n\n\n\n<p>Sollten Sie mit uns per E-Mail in Kontakt treten wollen, weisen wir darauf hin, dass der Inhalt unverschl\u00fcsselter E-Mails von Dritten eingesehen werden kann. Wir empfehlen daher, vertrauliche Informationen verschl\u00fcsselt \u00fcber unsere Webseite oder \u00fcber den Postweg zuzusenden.<\/p>\n\n\n\n<p><strong>Verwendung von Cookies<\/strong><br>Um den Besuch unserer Webseiten attraktiv zu gestalten und die Nutzung bestimmter Funktionen zu erm\u00f6glichen, verwenden wir auf verschiedenen Seiten sogenannte Cookies. Hierbei handelt es sich um kleine Textdateien, die auf Ihrem Endger\u00e4t abgelegt werden. Die von uns verwendeten Cookies werden nach dem Ende der Browser-Sitzung, also nach dem Schlie\u00dfen Ihres Browsers, wieder gel\u00f6scht (sogenannte Sitzungs-Cookies).<\/p>\n\n\n\n<div style=\"margin-bottom:40px; margin-top:40px;\" \"=\"\"><script id=\"CookieDeclaration\" src=\"https:\/\/consent.cookiebot.com\/42a30653-7a19-4b0d-bebc-c685cfc2511a\/cd.js\" type=\"text\/javascript\" async=\"\"><\/script><\/div>\n\n\n\n<p><strong>Verwendung von Google-Diensten \u2028<\/strong><br>Auf unserer Website werden Programme (\u201ePlugins\u201c) von Google verwendet, sog. Google Dienste. Diese Dienste werden von Google LLC, 1600 Amphitheatre Parkway, Mountain View, CA 94043, USA betrieben.<\/p>\n\n\n\n<p>Wenn Sie eine Seite unseres Webauftritts aufrufen, die einen solchen Plugin enth\u00e4lt, stellt Ihr Browser eine direkte Verbindung zu dem Server von Google her. Die Inhalte des Plugins werden direkt an Ihren Browser \u00fcbermittelt und in die Seite eingebunden. Durch die Einbindung der Plugins erh\u00e4lt Google die Information, dass Ihr Browser die entsprechende Seite unseres Webauftritts aufgerufen hat, auch wenn Sie kein Benutzerkonto bei Google besitzen oder gerade nicht eingeloggt sind. Diese Information (einschlie\u00dflich Ihrer IP-Adresse) wird von Ihrem Browser direkt den Server von Google, der auch in den USA stehen kann \u00fcbermittelt und es muss davon ausgegangen werden, dass die Daten dort auch gespeichert werden. Diese Datenverarbeitungsvorg\u00e4nge erfolgen gem\u00e4\u00df Art. 6 (1) f) DS-GVO zur Wartung, Verbesserung und Neuentwicklung von Google Diensten, zur Bereitstellung personalisierter Dienste, einschlie\u00dflich Inhalte und Werbeanzeigen durch Google, zum Erkennen, Verhindern und Bek\u00e4mpfen von Betrug, Missbrauch, Sicherheitsrisiken und technischen Problemen bei Google. Google beschreibt die Nutzung der Daten aus berechtigten Interessen wie folgt: Die Daten werden verarbeitet, zur<\/p>\n\n\n\n<ul class=\"wp-block-list\"><li>Bereitstellung, Wartung und Verbesserung unserer Dienste, um die Anforderungen der Google-Nutzer zu erf\u00fcllen<\/li><li>Entwicklung neuer Produkte und Funktionen, die f\u00fcr Google-Nutzer hilfreich sind<\/li><li>Einblicke dar\u00fcber, wie Personen Google-Dienste nutzen, um die Leistung unserer Dienste zu gew\u00e4hrleisten und zu verbessern<\/li><li>Personalisierung von Google-Diensten, um Ihnen ein besseres Nutzererlebnis zu bieten<\/li><li>Marketing, um Nutzer \u00fcber Google-Dienste zu informieren<\/li><li>Werbung, um viele Google-Dienste Nutzern kostenlos zur Verf\u00fcgung stellen zu k\u00f6nnen<\/li><li>Aufdecken, Verhindern oder anderweitiges Bek\u00e4mpfen von Betrug, Sicherheitsm\u00e4ngeln oder technischen Problemen<\/li><li>Schutz der Rechte, des Eigentums oder der Sicherheit von Google, der Google-Nutzer oder der \u00d6ffentlichkeit vor Schaden, soweit dies gesetzlich zul\u00e4ssig oder erforderlich ist<\/li><li>Durchf\u00fchren von Recherchen, mit der Google-Dienste f\u00fcr Google-Nutzer verbessert werden k\u00f6nnen und die f\u00fcr die \u00d6ffentlichkeit von Vorteil sind<\/li><li>Einhalten von Verpflichtungen gegen\u00fcber Google-Partnern wie Entwicklern und Rechteinhabern<\/li><li>Durchsetzen rechtlicher Forderungen, einschlie\u00dflich der Untersuchung m\u00f6glicher Verletzungen anwendbarer Nutzungsbedingungen<\/li><\/ul>\n\n\n\n<p>Google gibt die Daten an verbundene Unternehmen von Google und zur Erf\u00fcllung rechtlicher Gr\u00fcnde an weitere Dritte weiter.<br>Google hat sich dem Privacy-Shield-Abkommen der EU mit den USA unterworfen, so dass der entsprechende Angemessenheitsbeschluss der EU-Kommission die Rechtsgrundlage der Datenverarbeitung in den USA darstellt und die Einhaltung des in der EU geltenden Datenschutzniveaus gew\u00e4hrleisten soll.\u2028Zweck und Umfang der Datenerhebung und die weitere Verarbeitung und Nutzung der Daten durch Google sowie Ihre diesbez\u00fcglichen Rechte und Einstellungsm\u00f6glichkeiten zum Schutz Ihrer Privatsph\u00e4re entnehmen Sie bitte den Datenschutzhinweisen von Google: https:\/\/policies.google.com\/privacy?hl=de<\/p>\n\n\n\n<p>Wenn Sie nicht m\u00f6chten, dass Google die \u00fcber unseren Webauftritt gesammelten Daten unmittelbar Ihrem Google-Konto zuordnet, m\u00fcssen Sie sich vor Ihrem Besuch unserer Website bei Google ausloggen.<\/p>\n\n\n\n<p><strong>Google Maps\u2028<\/strong><br>Wir verwenden den Dienst Google Maps auf unserer Webseite, um Ihnen eine interaktive Karte anzeigen lassen zu k\u00f6nnen (Art. 6 (1) b, f DS-GVO). Dies ist f\u00fcr Sie n\u00fctzlich, wenn Sie sich \u00fcber uns informieren oder uns besuchen wollen, damit Sie sich mittels einer einzigen Karte sowohl lokal als auch \u00fcberregional orientieren k\u00f6nnen. Unser berechtigtes Interesse liegt an der Bereitstellung einer interaktiven Karte hierf\u00fcr, da eine solche Karte andernfalls nur technisch sehr aufwendig zu realisieren w\u00e4re.\u2028Wir erfahren nicht, wenn Ihnen Google Maps angezeigt werden oder Sie hiermit interagieren.<\/p>\n\n\n\n<p><strong>Google Web Fonts\u2028<\/strong><br>Diese Seite nutzt zur einheitlichen Darstellung von Schriftarten so genannte Web Fonts die von der Google LLC., 1600 Amphitheatre Parkway, Mountain View, CA 94043, USA (\u201eGoogle\u201c) bereitgestellt werden. Beim Aufruf einer Seite l\u00e4dt Ihr Browser die ben\u00f6tigten Web Fonts in ihren Browser-Cache, um Texte und Schriftarten korrekt anzuzeigen.\u2028Zu diesem Zweck muss der von Ihnen verwendete Browser Verbindung zu den Servern von Google aufnehmen. Hierdurch erlangt Google Kenntnis dar\u00fcber, dass \u00fcber Ihre IP-Adresse unsere Website aufgerufen wurde. Die Nutzung von Google Web Fonts erfolgt im Interesse einer einheitlichen und ansprechenden Darstellung unserer Website. Dies stellt ein berechtigtes Interesse im Sinne von Art. 6 Abs. 1 lit. f DSGVO dar. Wenn Ihr Browser Web Fonts nicht unterst\u00fctzt, wird eine Standardschrift von Ihrem Computer genutzt.\u2028Weitere Informationen zu Google Web Fonts finden Sie unter https:\/\/developers.google.com\/fonts\/faq und in der Datenschutzerkl\u00e4rung von Google: <a href=\"https:\/\/www.google.com\/policies\/privacy\/\" target=\"_blank\" rel=\"noopener noreferrer\">https:\/\/www.google.com\/policies\/privacy\/<\/a><\/p>\n\n\n\n<p><strong>Sie haben folgende Rechte:\u2028<\/strong><br>Sie haben einen Anspruch auf Auskunft \u00fcber die von der H\u00f6nninger Wohnbau GmbH verarbeiteten personenbezogenen Daten und bei Vorliegen der jeweiligen gesetzlichen Voraussetzungen einen Anspruch auf Berichtigung, L\u00f6schung und Widerspruch sowie auf die Einschr\u00e4nkung der Verarbeitung. Ihnen steht ferner das Recht zu, die von ihnen bereitgestellten personenbezogenen Daten in einem strukturierten, g\u00e4ngigen und maschinenlesbaren Format zu erhalten. Dies schlie\u00dft das Recht mit ein, diese Daten einem anderen Verantwortlichen zu \u00fcbermitteln. Sofern dies technisch m\u00f6glich ist, k\u00f6nnen Sie auch verlangen, dass die personenbezogenen Daten direkt an den anderen Verantwortlichen \u00fcbermittelt werden.\u2028Zur Aus\u00fcbung der vorstehend genannten Rechte sowie bei Fragen und Beschwerden zur Verwendung ihrer personenbezogenen Daten k\u00f6nnen Sie sich an den Datenschutzbeauftragten von der H\u00f6nninger Wohnbau GmbH wenden.<\/p>\n\n\n\n<p><strong>Kontakt Datenschutzbeauftragter:\u2028<\/strong><br>H\u00f6nninger Wohnbau GmbH<br>Siriusstra\u00dfe 15<br>85614 Kirchseeon<br>E-Mail: datenschutzbeauftragter@hoenninger.de<\/p>\n\n\n\n<p>Dar\u00fcber hinaus haben Sie das Recht, sich an das zust\u00e4ndige Bayerische Landesamt f\u00fcr Datenschutzaufsicht zu wenden.<br>Landesamt f\u00fcr Datenschutzaufsicht<br>Promenade 27<br>91522 Ansbach<br>Telefon: 0981 53-1300<br>Fax: 0981 53-981300<br>poststelle@lda.bayern.de<\/p>\n\n\n\n<p>Stand: Juli 2019<\/p>\n","protected":false},"excerpt":{"rendered":"<p>Datenschutzerkl\u00e4rung Die H\u00f6nninger Wohnbau GmbH, Siriusstra\u00dfe 15, 85614 Kirchseeon freut sich \u00fcber Ihren Besuch auf ihren Webseiten sowie \u00fcber Ihr Interesse an der H\u00f6nninger Wohnbau GmbH und ihren Dienstleistungen. Datenschutz ist f\u00fcr uns mehr als ein Lippenbekenntnis, deshalb nehmen wir &hellip;<\/p>\n","protected":false},"author":3,"featured_media":0,"parent":0,"menu_order":0,"comment_status":"closed","ping_status":"closed","template":"","meta":{"wp_mapbox_gl_js_media":[],"footnotes":""},"class_list":["post-167","page","type-page","status-publish","hentry","post_content"],"_links":{"self":[{"href":"https:\/\/alto30.de\/kapitalanleger\/wp-json\/wp\/v2\/pages\/167"}],"collection":[{"href":"https:\/\/alto30.de\/kapitalanleger\/wp-json\/wp\/v2\/pages"}],"about":[{"href":"https:\/\/alto30.de\/kapitalanleger\/wp-json\/wp\/v2\/types\/page"}],"author":[{"embeddable":true,"href":"https:\/\/alto30.de\/kapitalanleger\/wp-json\/wp\/v2\/users\/3"}],"replies":[{"embeddable":true,"href":"https:\/\/alto30.de\/kapitalanleger\/wp-json\/wp\/v2\/comments?post=167"}],"version-history":[{"count":6,"href":"https:\/\/alto30.de\/kapitalanleger\/wp-json\/wp\/v2\/pages\/167\/revisions"}],"predecessor-version":[{"id":572,"href":"https:\/\/alto30.de\/kapitalanleger\/wp-json\/wp\/v2\/pages\/167\/revisions\/572"}],"wp:attachment":[{"href":"https:\/\/alto30.de\/kapitalanleger\/wp-json\/wp\/v2\/media?parent=167"}],"curies":[{"name":"wp","href":"https:\/\/api.w.org\/{rel}","templated":true}]}}